{"id":9189,"date":"2025-05-22T10:45:38","date_gmt":"2025-05-22T08:45:38","guid":{"rendered":"https:\/\/must-have.si\/?post_type=product&#038;p=9189"},"modified":"2025-10-25T09:32:41","modified_gmt":"2025-10-25T07:32:41","slug":"komplet-linda-iz-muslina-crn","status":"publish","type":"product","link":"https:\/\/must-have.si\/hr\/proizvod\/komplet-linda-iz-muslina-crn\/","title":{"rendered":"Komplet Linda iz muslina \/\/ \u010drn"},"content":{"rendered":"","protected":false},"excerpt":{"rendered":"<p>Lahkoten poletni komplet, ki te bo navdu\u0161il s krojem in poudaril tvoj modni stil.<\/p>\n<p>Odaberite svoju uobi\u010dajenu veli\u010dinu, ako ste izme\u0111u, idite manje.<\/p>\n<p><strong>Podrijetlo: Poljska.<\/strong><\/p>\n<p>Material: 100% bomba\u017e, muslin.<\/p>","protected":false},"featured_media":9193,"template":"","meta":[],"product_brand":[],"product_cat":[259,33,300,305,92],"product_tag":[299],"class_list":{"0":"post-9189","1":"product","2":"type-product","3":"status-publish","4":"has-post-thumbnail","6":"product_cat-flawless-la-creme","7":"product_cat-kompleti-trenirke","8":"product_cat-novo","9":"product_cat-poletje","10":"product_cat-topseller","11":"product_tag-new25","12":"pa_barva-crna","13":"pa_velikosti-filter-xs-34","14":"pa_velikosti-filter-s-36","15":"pa_velikosti-filter-m-38","16":"pa_velikosti-filter-l-40","17":"pa_velikosti-filter-xl-42","19":"first","20":"instock","21":"sale","22":"taxable","23":"shipping-taxable","24":"purchasable","25":"product-type-variable"},"_links":{"self":[{"href":"https:\/\/must-have.si\/hr\/wp-json\/wp\/v2\/product\/9189","targetHints":{"allow":["GET"]}}],"collection":[{"href":"https:\/\/must-have.si\/hr\/wp-json\/wp\/v2\/product"}],"about":[{"href":"https:\/\/must-have.si\/hr\/wp-json\/wp\/v2\/types\/product"}],"wp:featuredmedia":[{"embeddable":true,"href":"https:\/\/must-have.si\/hr\/wp-json\/wp\/v2\/media\/9193"}],"wp:attachment":[{"href":"https:\/\/must-have.si\/hr\/wp-json\/wp\/v2\/media?parent=9189"}],"wp:term":[{"taxonomy":"product_brand","embeddable":true,"href":"https:\/\/must-have.si\/hr\/wp-json\/wp\/v2\/product_brand?post=9189"},{"taxonomy":"product_cat","embeddable":true,"href":"https:\/\/must-have.si\/hr\/wp-json\/wp\/v2\/product_cat?post=9189"},{"taxonomy":"product_tag","embeddable":true,"href":"https:\/\/must-have.si\/hr\/wp-json\/wp\/v2\/product_tag?post=9189"}],"curies":[{"name":"wp","href":"https:\/\/api.w.org\/{rel}","templated":true}]}}