{"id":8239,"date":"2025-03-03T21:28:02","date_gmt":"2025-03-03T20:28:02","guid":{"rendered":"https:\/\/must-have.si\/?post_type=product&#038;p=8239"},"modified":"2025-10-25T10:56:43","modified_gmt":"2025-10-25T08:56:43","slug":"udobne-djecje-hlacice-plave","status":"publish","type":"product","link":"https:\/\/must-have.si\/hr\/proizvod\/udobne-djecje-hlacice-plave\/","title":{"rendered":"Hla\u010de Cozy \/\/ baby plave"},"content":{"rendered":"<p>Mjere haljine:<\/p>\n<p>\u0160irina izme\u0111u pazuha: 38 cm;<\/p>\n<p>\u0160irina struka: 28 cm, rastezljivo do 38 cm;<\/p>\n<p>\u0160irina u bokovima: 49 cm;<\/p>","protected":false},"excerpt":{"rendered":"<p>Sportske, elegantne hla\u010de s pri\u010dvr\u0161\u0107enim modernim remenom.<\/p>\n<p>Veli\u010dina je univerzalna, odgovara za S, M i L.<\/p>\n<p>Materijal: 95% viskoza, 5% elastin.<\/p>","protected":false},"featured_media":8199,"template":"","meta":[],"product_brand":[],"product_cat":[111,32,300,305,286],"product_tag":[306],"class_list":{"0":"post-8239","1":"product","2":"type-product","3":"status-publish","4":"has-post-thumbnail","6":"product_cat-hlace","7":"product_cat-hlace-krila","8":"product_cat-novo","9":"product_cat-poletje","10":"product_cat-vse-po-15e","11":"product_tag-vsepo15","12":"pa_barva-modra","13":"pa_velikost2-uni-1-2-dni","14":"pa_velikost2-uni-3-5-dni","15":"pa_velikost2-uni-4-8-dni","16":"pa_velikosti-filter-xs-34","17":"pa_velikosti-filter-s-36","18":"pa_velikosti-filter-m-38","20":"first","21":"instock","22":"sale","23":"taxable","24":"shipping-taxable","25":"purchasable","26":"product-type-variable"},"_links":{"self":[{"href":"https:\/\/must-have.si\/hr\/wp-json\/wp\/v2\/product\/8239","targetHints":{"allow":["GET"]}}],"collection":[{"href":"https:\/\/must-have.si\/hr\/wp-json\/wp\/v2\/product"}],"about":[{"href":"https:\/\/must-have.si\/hr\/wp-json\/wp\/v2\/types\/product"}],"wp:featuredmedia":[{"embeddable":true,"href":"https:\/\/must-have.si\/hr\/wp-json\/wp\/v2\/media\/8199"}],"wp:attachment":[{"href":"https:\/\/must-have.si\/hr\/wp-json\/wp\/v2\/media?parent=8239"}],"wp:term":[{"taxonomy":"product_brand","embeddable":true,"href":"https:\/\/must-have.si\/hr\/wp-json\/wp\/v2\/product_brand?post=8239"},{"taxonomy":"product_cat","embeddable":true,"href":"https:\/\/must-have.si\/hr\/wp-json\/wp\/v2\/product_cat?post=8239"},{"taxonomy":"product_tag","embeddable":true,"href":"https:\/\/must-have.si\/hr\/wp-json\/wp\/v2\/product_tag?post=8239"}],"curies":[{"name":"wp","href":"https:\/\/api.w.org\/{rel}","templated":true}]}}