{"id":8128,"date":"2025-02-26T19:22:51","date_gmt":"2025-02-26T18:22:51","guid":{"rendered":"https:\/\/must-have.si\/?post_type=product&#038;p=8128"},"modified":"2026-03-03T00:32:53","modified_gmt":"2026-03-02T23:32:53","slug":"3-dijelni-set-ariya-tirkizna","status":"publish","type":"product","link":"https:\/\/must-have.si\/hr\/proizvod\/3-dijelni-set-ariya-tirkizna\/","title":{"rendered":"Ariya 3-dijelni set \/\/ tirkiz"},"content":{"rendered":"<p><strong>XS\/S<\/strong><br \/>\nGornji dio: duljina\/\u0161irina pazuha\/donji dio: 38cm\/32cm\/30cm<br \/>\nPrsluk: du\u017eina\/pazuh\/donji dio: 48cm\/52cm\/39cm<br \/>\nHla\u010de: du\u017eina\/struk\/bokovi: 95cm\/32cm\/44cm.<\/p>\n<p><strong>M\/L<\/strong><br \/>\nGornji dio: duljina\/\u0161irina pazuha\/donji dio: 40cm\/34cm\/32cm<br \/>\nPrsluk: du\u017eina\/pazuh\/donji dio: 50cm\/54cm\/41cm<br \/>\nHla\u010de: du\u017eina\/struk\/bokovi: 97cm\/35cm\/46cm.<\/p>\n<p>Gornji materijal: 98% pamuk, 2% elastin.<br \/>\nMaterijal hla\u010da i prsluka: 75% pamuk, 20% poliester, 5% elastin.<\/p>\n<p>Odjevni predmeti mjere se ravno, +\/- 2 cm. Za mjerenje opsega, pomno\u017eite duljinu s 2.<\/p>\n<p>Model na fotografijama nosi veli\u010dinu XS\/S.<\/p>","protected":false},"excerpt":{"rendered":"<p>Udoban trodijelni set koji se odli\u010dno kombinira s ostalim komadima iz <strong>Besprijekoran &amp; La Creme<\/strong> zbirke.<\/p>\n<p>Odaberite svoju uobi\u010dajenu veli\u010dinu, ako ste izme\u0111u, idite manje.<\/p>\n<p><strong>Podrijetlo: Poljska.<\/strong><\/p>\n<h5>*Kompleti su dio nove kolekcije koja je trenutno u \u0161ivanju, isporuka se o\u010dekuje unutar 14 dana.<\/h5>","protected":false},"featured_media":8061,"template":"","meta":[],"product_brand":[],"product_cat":[259,33,92],"product_tag":[220,260,294],"class_list":{"0":"post-8128","1":"product","2":"type-product","3":"status-publish","4":"has-post-thumbnail","6":"product_cat-flawless-la-creme","7":"product_cat-kompleti-trenirke","8":"product_cat-topseller","9":"product_tag-new1123","10":"product_tag-new24","11":"product_tag-pomlad25","12":"pa_barva-olivna","13":"pa_velikosti-filter-xs-34","14":"pa_velikosti-filter-s-36","15":"pa_velikosti-filter-m-38","16":"pa_velikosti-filter-l-40","18":"first","19":"instock","20":"sale","21":"taxable","22":"shipping-taxable","23":"purchasable","24":"product-type-variable"},"_links":{"self":[{"href":"https:\/\/must-have.si\/hr\/wp-json\/wp\/v2\/product\/8128","targetHints":{"allow":["GET"]}}],"collection":[{"href":"https:\/\/must-have.si\/hr\/wp-json\/wp\/v2\/product"}],"about":[{"href":"https:\/\/must-have.si\/hr\/wp-json\/wp\/v2\/types\/product"}],"wp:featuredmedia":[{"embeddable":true,"href":"https:\/\/must-have.si\/hr\/wp-json\/wp\/v2\/media\/8061"}],"wp:attachment":[{"href":"https:\/\/must-have.si\/hr\/wp-json\/wp\/v2\/media?parent=8128"}],"wp:term":[{"taxonomy":"product_brand","embeddable":true,"href":"https:\/\/must-have.si\/hr\/wp-json\/wp\/v2\/product_brand?post=8128"},{"taxonomy":"product_cat","embeddable":true,"href":"https:\/\/must-have.si\/hr\/wp-json\/wp\/v2\/product_cat?post=8128"},{"taxonomy":"product_tag","embeddable":true,"href":"https:\/\/must-have.si\/hr\/wp-json\/wp\/v2\/product_tag?post=8128"}],"curies":[{"name":"wp","href":"https:\/\/api.w.org\/{rel}","templated":true}]}}