{"id":7853,"date":"2025-02-11T22:40:41","date_gmt":"2025-02-11T21:40:41","guid":{"rendered":"https:\/\/must-have.si\/?post_type=product&#038;p=7853"},"modified":"2026-03-03T00:32:57","modified_gmt":"2026-03-02T23:32:57","slug":"anja-bez-haljina","status":"publish","type":"product","link":"https:\/\/must-have.si\/hr\/proizvod\/anja-bez-haljina\/","title":{"rendered":"Haljina Anja \/\/ be\u017e"},"content":{"rendered":"<p>Mjere haljine:<\/p>\n<p>\u0160irina izme\u0111u pazuha: 43 cm;<\/p>\n<p>\u0160irina u bokovima: 48 cm;<\/p>\n<p>Ukupna du\u017eina: 89 cm.<\/p>","protected":false},"excerpt":{"rendered":"<p>Udobna pamu\u010dna kratka tunika ili haljina, s d\u017eepovima i uzicom za ma\u0161nu.<\/p>\n<p>Materijal: pamuk 90%, elastin 10%.<\/p>\n<p>Veli\u010dina je univerzalna, odgovara za S i M.<\/p>","protected":false},"featured_media":9650,"template":"","meta":[],"product_brand":[],"product_cat":[30,90],"product_tag":[260,294],"class_list":{"0":"post-7853","1":"product","2":"type-product","3":"status-publish","4":"has-post-thumbnail","6":"product_cat-obleke-tunike","7":"product_cat-obleke-z-dolgimi-in-3-4-rokavi","8":"product_tag-new24","9":"product_tag-pomlad25","10":"pa_barva-pink","11":"pa_velikost2-uni-1-2-dni","12":"pa_velikost2-uni-3-5-dni","13":"pa_velikost2-uni-4-8-dni","14":"pa_velikosti-filter-xs-34","15":"pa_velikosti-filter-s-36","16":"pa_velikosti-filter-m-38","18":"first","19":"instock","20":"sale","21":"taxable","22":"shipping-taxable","23":"purchasable","24":"product-type-variable"},"_links":{"self":[{"href":"https:\/\/must-have.si\/hr\/wp-json\/wp\/v2\/product\/7853","targetHints":{"allow":["GET"]}}],"collection":[{"href":"https:\/\/must-have.si\/hr\/wp-json\/wp\/v2\/product"}],"about":[{"href":"https:\/\/must-have.si\/hr\/wp-json\/wp\/v2\/types\/product"}],"wp:featuredmedia":[{"embeddable":true,"href":"https:\/\/must-have.si\/hr\/wp-json\/wp\/v2\/media\/9650"}],"wp:attachment":[{"href":"https:\/\/must-have.si\/hr\/wp-json\/wp\/v2\/media?parent=7853"}],"wp:term":[{"taxonomy":"product_brand","embeddable":true,"href":"https:\/\/must-have.si\/hr\/wp-json\/wp\/v2\/product_brand?post=7853"},{"taxonomy":"product_cat","embeddable":true,"href":"https:\/\/must-have.si\/hr\/wp-json\/wp\/v2\/product_cat?post=7853"},{"taxonomy":"product_tag","embeddable":true,"href":"https:\/\/must-have.si\/hr\/wp-json\/wp\/v2\/product_tag?post=7853"}],"curies":[{"name":"wp","href":"https:\/\/api.w.org\/{rel}","templated":true}]}}