{"id":7110,"date":"2024-10-09T11:58:03","date_gmt":"2024-10-09T09:58:03","guid":{"rendered":"https:\/\/must-have.si\/?post_type=product&#038;p=7110"},"modified":"2025-07-31T09:45:07","modified_gmt":"2025-07-31T07:45:07","slug":"teniske-rhianna","status":"publish","type":"product","link":"https:\/\/must-have.si\/hr\/proizvod\/teniske-rhianna\/","title":{"rendered":"Rhianna tenisice (36)"},"content":{"rendered":"<p>Unutarnje duljine:<\/p>\n<table class=\"ui-responsive table-stroke ui-table ui-table-reflow table-condensed\">\n<tbody>\n<tr>\n<th>\n<h4>BR.36<\/h4>\n<\/th>\n<td>\n<h4>23 cm<\/h4>\n<\/td>\n<\/tr>\n<tr>\n<th>\n<h4>NE. 37<\/h4>\n<\/th>\n<td>\n<h4>23,5 cm<\/h4>\n<\/td>\n<\/tr>\n<tr>\n<th>\n<h4>NE. 38<\/h4>\n<\/th>\n<td>\n<h4>24,5 cm<\/h4>\n<\/td>\n<\/tr>\n<tr>\n<th>\n<h4>NE. 39<\/h4>\n<\/th>\n<td>\n<h4>25 cm<\/h4>\n<\/td>\n<\/tr>\n<tr>\n<th>\n<h4>NE. 40<\/h4>\n<\/th>\n<td>\n<h4>25,5 cm<\/h4>\n<\/td>\n<\/tr>\n<tr>\n<th>\n<h4>NE. 41<\/h4>\n<\/th>\n<td>\n<h4>26 cm<\/h4>\n<\/td>\n<\/tr>\n<\/tbody>\n<\/table>","protected":false},"excerpt":{"rendered":"<p>Zares lepe in udobne teniske s visokim podplatom, da te ne zazebe prehitro \ud83d\ude42<\/p>\n<p>PS: fotografija jim dela \u0161kodo, v \u017eivo so namre\u010d \u0161e lep\u0161i!<\/p>\n<p>Izberi svojo realno velikost, \u010de si vmes pa raje manj\u0161o.<\/p>\n<p>V kolikor je tvoja velikost \u017ee razprodana, nam pi\u0161i in jo bomo ponovno naro\u010dili.<\/p>","protected":false},"featured_media":7114,"template":"","meta":[],"product_brand":[],"product_cat":[37,305,286],"product_tag":[306],"class_list":{"0":"post-7110","1":"product","2":"type-product","3":"status-publish","4":"has-post-thumbnail","6":"product_cat-obutev-dodatki","7":"product_cat-poletje","8":"product_cat-vse-po-15e","9":"product_tag-vsepo15","11":"first","12":"instock","13":"sale","14":"taxable","15":"shipping-taxable","16":"purchasable","17":"product-type-variable"},"_links":{"self":[{"href":"https:\/\/must-have.si\/hr\/wp-json\/wp\/v2\/product\/7110","targetHints":{"allow":["GET"]}}],"collection":[{"href":"https:\/\/must-have.si\/hr\/wp-json\/wp\/v2\/product"}],"about":[{"href":"https:\/\/must-have.si\/hr\/wp-json\/wp\/v2\/types\/product"}],"wp:featuredmedia":[{"embeddable":true,"href":"https:\/\/must-have.si\/hr\/wp-json\/wp\/v2\/media\/7114"}],"wp:attachment":[{"href":"https:\/\/must-have.si\/hr\/wp-json\/wp\/v2\/media?parent=7110"}],"wp:term":[{"taxonomy":"product_brand","embeddable":true,"href":"https:\/\/must-have.si\/hr\/wp-json\/wp\/v2\/product_brand?post=7110"},{"taxonomy":"product_cat","embeddable":true,"href":"https:\/\/must-have.si\/hr\/wp-json\/wp\/v2\/product_cat?post=7110"},{"taxonomy":"product_tag","embeddable":true,"href":"https:\/\/must-have.si\/hr\/wp-json\/wp\/v2\/product_tag?post=7110"}],"curies":[{"name":"wp","href":"https:\/\/api.w.org\/{rel}","templated":true}]}}