{"id":6811,"date":"2024-09-20T22:21:02","date_gmt":"2024-09-20T20:21:02","guid":{"rendered":"https:\/\/must-have.si\/?post_type=product&#038;p=6811"},"modified":"2025-10-25T10:58:59","modified_gmt":"2025-10-25T08:58:59","slug":"natasha-lila-set","status":"publish","type":"product","link":"https:\/\/must-have.si\/hr\/proizvod\/natasha-lila-set\/","title":{"rendered":"Komplet Natasha \/\/ lila"},"content":{"rendered":"<p><strong>XS\/S<\/strong><br \/>\nGornji dio: duljina\/\u0161irina pazuha\/donji dio: 50cm\/32cm\/33cm<br \/>\nHla\u010de: du\u017eina\/struk\/bokovi: 98cm\/32cm\/44cm.<\/p>\n<p><strong>M\/L<\/strong><br \/>\nGornji dio: duljina\/\u0161irina pazuha\/donji dio: 52 cm\/34 cm\/35 cm<br \/>\nHla\u010de: du\u017eina\/struk\/bokovi: 100cm\/35cm\/46cm.<\/p>\n<p>Materijal izrade. dio: 98% pamuk, 2% elastin.<br \/>\nMaterijal hla\u010da: 75% pamuk, 20% poliester, 5% elastin.<\/p>\n<p>Odjevni predmeti mjere se ravno, +\/- 2 cm. Za mjerenje opsega, pomno\u017eite duljinu s 2.<\/p>\n<p>Model na fotografijama nosi veli\u010dinu XS\/S.<\/p>","protected":false},"excerpt":{"rendered":"<p>Udoban set koji mo\u017eete savr\u0161eno kombinirati s ostalim komadima iz <strong>Besprijekoran &amp; La Creme<\/strong> zbirke.<\/p>\n<p>Odaberite svoju uobi\u010dajenu veli\u010dinu, ako ste izme\u0111u, idite manje.<\/p>\n<p><strong>Podrijetlo: Poljska.<\/strong><\/p>","protected":false},"featured_media":6789,"template":"","meta":[],"product_brand":[],"product_cat":[259,33,92],"product_tag":[296,220,260],"class_list":{"0":"post-6811","1":"product","2":"type-product","3":"status-publish","4":"has-post-thumbnail","6":"product_cat-flawless-la-creme","7":"product_cat-kompleti-trenirke","8":"product_cat-topseller","9":"product_tag-2v1natasha","10":"product_tag-new1123","11":"product_tag-new24","12":"pa_barva-vijolicna","13":"pa_velikosti-filter-xs-34","14":"pa_velikosti-filter-s-36","15":"pa_velikosti-filter-m-38","16":"pa_velikosti-filter-l-40","18":"first","19":"instock","20":"taxable","21":"shipping-taxable","22":"purchasable","23":"product-type-variable"},"_links":{"self":[{"href":"https:\/\/must-have.si\/hr\/wp-json\/wp\/v2\/product\/6811","targetHints":{"allow":["GET"]}}],"collection":[{"href":"https:\/\/must-have.si\/hr\/wp-json\/wp\/v2\/product"}],"about":[{"href":"https:\/\/must-have.si\/hr\/wp-json\/wp\/v2\/types\/product"}],"wp:featuredmedia":[{"embeddable":true,"href":"https:\/\/must-have.si\/hr\/wp-json\/wp\/v2\/media\/6789"}],"wp:attachment":[{"href":"https:\/\/must-have.si\/hr\/wp-json\/wp\/v2\/media?parent=6811"}],"wp:term":[{"taxonomy":"product_brand","embeddable":true,"href":"https:\/\/must-have.si\/hr\/wp-json\/wp\/v2\/product_brand?post=6811"},{"taxonomy":"product_cat","embeddable":true,"href":"https:\/\/must-have.si\/hr\/wp-json\/wp\/v2\/product_cat?post=6811"},{"taxonomy":"product_tag","embeddable":true,"href":"https:\/\/must-have.si\/hr\/wp-json\/wp\/v2\/product_tag?post=6811"}],"curies":[{"name":"wp","href":"https:\/\/api.w.org\/{rel}","templated":true}]}}