{"id":6172,"date":"2024-04-18T13:10:46","date_gmt":"2024-04-18T11:10:46","guid":{"rendered":"https:\/\/must-have.si\/?post_type=product&#038;p=6172"},"modified":"2025-07-31T09:45:08","modified_gmt":"2025-07-31T07:45:08","slug":"oversize-tunika-relevance-bez","status":"publish","type":"product","link":"https:\/\/must-have.si\/hr\/proizvod\/oversize-tunika-relevance-bez\/","title":{"rendered":"Oversize tunika \/\/ be\u017e"},"content":{"rendered":"<p>Materijal: pamuk 90%, elastin 10%.<\/p>\n<p>Model nosi velikost S\/M. Mere tunike v S\/M:<\/p>\n<p>\u0161irina med pazduhami: 55 cm<\/p>\n<p>dol\u017eina: 93 cm.<\/p>","protected":false},"excerpt":{"rendered":"<p style=\"font-weight: 400;\">Lahkotna tunika \u0161ir\u0161ega kroja, z \u017eepi ob straneh.<\/p>\n<p>Izberi svojo realno velikost.<\/p>\n<p>Porijeklo: Turska.<\/p>","protected":false},"featured_media":6151,"template":"","meta":[],"product_brand":[],"product_cat":[30,89,305,286],"product_tag":[306],"class_list":{"0":"post-6172","1":"product","2":"type-product","3":"status-publish","4":"has-post-thumbnail","6":"product_cat-obleke-tunike","7":"product_cat-obleke-s-kratkimi-rokavi-in-brez","8":"product_cat-poletje","9":"product_cat-vse-po-15e","10":"product_tag-vsepo15","11":"pa_barva-bez","12":"pa_velikost2-s-m-1-2-dni","13":"pa_velikost2-s-m-4-7-dni","14":"pa_velikost2-l-xl-1-2-dni","15":"pa_velikost2-l-xl-4-7-dni","16":"pa_velikosti-filter-s-36","17":"pa_velikosti-filter-m-38","18":"pa_velikosti-filter-l-40","20":"first","21":"instock","22":"sale","23":"taxable","24":"shipping-taxable","25":"purchasable","26":"product-type-variable"},"_links":{"self":[{"href":"https:\/\/must-have.si\/hr\/wp-json\/wp\/v2\/product\/6172","targetHints":{"allow":["GET"]}}],"collection":[{"href":"https:\/\/must-have.si\/hr\/wp-json\/wp\/v2\/product"}],"about":[{"href":"https:\/\/must-have.si\/hr\/wp-json\/wp\/v2\/types\/product"}],"wp:featuredmedia":[{"embeddable":true,"href":"https:\/\/must-have.si\/hr\/wp-json\/wp\/v2\/media\/6151"}],"wp:attachment":[{"href":"https:\/\/must-have.si\/hr\/wp-json\/wp\/v2\/media?parent=6172"}],"wp:term":[{"taxonomy":"product_brand","embeddable":true,"href":"https:\/\/must-have.si\/hr\/wp-json\/wp\/v2\/product_brand?post=6172"},{"taxonomy":"product_cat","embeddable":true,"href":"https:\/\/must-have.si\/hr\/wp-json\/wp\/v2\/product_cat?post=6172"},{"taxonomy":"product_tag","embeddable":true,"href":"https:\/\/must-have.si\/hr\/wp-json\/wp\/v2\/product_tag?post=6172"}],"curies":[{"name":"wp","href":"https:\/\/api.w.org\/{rel}","templated":true}]}}