{"id":601,"date":"2023-09-08T04:39:47","date_gmt":"2023-09-08T02:39:47","guid":{"rendered":"https:\/\/must-have.si\/?post_type=product&#038;p=601"},"modified":"2025-09-04T11:30:33","modified_gmt":"2025-09-04T09:30:33","slug":"sia-haljina-pustinjske-ruze-m","status":"publish","type":"product","link":"https:\/\/must-have.si\/hr\/proizvod\/sia-haljina-pustinjske-ruze-m\/","title":{"rendered":"Haljina Sia \/\/ Desert Rose (M)"},"content":{"rendered":"<p style=\"font-weight: 400;\"><b><strong>Materijal: 46% poliester, 42% mikropoliester i 12% elastan.<br \/>\n<\/strong><\/b><\/p>\n<p style=\"font-weight: 400;\"><b><strong>Podrijetlo proizvoda: EU.<\/strong><\/b><\/p>\n<p style=\"font-weight: 400;\">Odje\u0107u odr\u017eavajte prema etiketi na odje\u0107i.<\/p>\n<p style=\"font-weight: 400;\">Izmjerite svoj opseg i prepolovite broj kako biste dobili dolje navedene \u0161irine.<\/p>\n<p style=\"font-weight: 400;\"><b><strong><em>Veli\u010dine (tolerancija +\/- 2 cm)<\/em><\/strong><\/b><\/p>\n<p style=\"font-weight: 400;\"><b><strong>XS\/S<\/strong><\/b><\/p>\n<p style=\"font-weight: 400;\">Ukupna du\u017eina: 85 cm<\/p>\n<p style=\"font-weight: 400;\">\u0160irina pazuha: 39 cm (rastezljivo do 46 cm)<\/p>\n<p style=\"font-weight: 400;\">\u0160irina u visini kukova: 39 cm (rastezljivo do 46 cm)<\/p>\n<p style=\"font-weight: 400;\">\u0160irina dna: 36 cm (rastezljivo do 46 cm)<\/p>\n<p style=\"font-weight: 400;\"><b><strong>M\/L<\/strong><\/b><\/p>\n<p style=\"font-weight: 400;\">Ukupna du\u017eina: 88 cm<\/p>\n<p style=\"font-weight: 400;\">\u0160irina pazuha: 42 cm (rastezljivo do 50 cm)<\/p>\n<p style=\"font-weight: 400;\">\u0160irina u visini kukova: 42 cm (rastezljivo do 50 cm)<\/p>\n<p style=\"font-weight: 400;\">\u0160irina dna: 39 cm (pro\u0161irivo do 49 cm)<\/p>","protected":false},"excerpt":{"rendered":"<p>Haljina dugih rukava od elasti\u010dnog rebrastog materijala.<\/p>\n<p>Jednostavan kroj koji mo\u017eete kombinirati uz prakti\u010dki sve!<\/p>\n<p><strong>Proizvedeno u EU.<\/strong><\/p>\n<p>Opis veli\u010dine se nalazi ispod, u detaljnijem opisu.<\/p>","protected":false},"featured_media":8993,"template":"","meta":[],"product_brand":[],"product_cat":[259,30,90,36],"product_tag":[],"class_list":{"0":"post-601","1":"product","2":"type-product","3":"status-publish","4":"has-post-thumbnail","6":"product_cat-flawless-la-creme","7":"product_cat-obleke-tunike","8":"product_cat-obleke-z-dolgimi-in-3-4-rokavi","9":"product_cat-zadnji-kosi-v-akciji","10":"pa_barva-roza","11":"pa_velikost-m-l","12":"pa_velikosti-filter-m-38","14":"first","15":"instock","16":"sale","17":"taxable","18":"shipping-taxable","19":"purchasable","20":"product-type-variable"},"_links":{"self":[{"href":"https:\/\/must-have.si\/hr\/wp-json\/wp\/v2\/product\/601","targetHints":{"allow":["GET"]}}],"collection":[{"href":"https:\/\/must-have.si\/hr\/wp-json\/wp\/v2\/product"}],"about":[{"href":"https:\/\/must-have.si\/hr\/wp-json\/wp\/v2\/types\/product"}],"wp:featuredmedia":[{"embeddable":true,"href":"https:\/\/must-have.si\/hr\/wp-json\/wp\/v2\/media\/8993"}],"wp:attachment":[{"href":"https:\/\/must-have.si\/hr\/wp-json\/wp\/v2\/media?parent=601"}],"wp:term":[{"taxonomy":"product_brand","embeddable":true,"href":"https:\/\/must-have.si\/hr\/wp-json\/wp\/v2\/product_brand?post=601"},{"taxonomy":"product_cat","embeddable":true,"href":"https:\/\/must-have.si\/hr\/wp-json\/wp\/v2\/product_cat?post=601"},{"taxonomy":"product_tag","embeddable":true,"href":"https:\/\/must-have.si\/hr\/wp-json\/wp\/v2\/product_tag?post=601"}],"curies":[{"name":"wp","href":"https:\/\/api.w.org\/{rel}","templated":true}]}}