{"id":5560,"date":"2024-03-18T08:22:18","date_gmt":"2024-03-18T07:22:18","guid":{"rendered":"https:\/\/must-have.si\/?post_type=product&#038;p=5560"},"modified":"2026-03-03T00:32:58","modified_gmt":"2026-03-02T23:32:58","slug":"3-dijelni-komplet-milan-od-barsuna","status":"publish","type":"product","link":"https:\/\/must-have.si\/hr\/proizvod\/3-dijelni-komplet-milan-od-barsuna\/","title":{"rendered":"Milan 3-dijelni set \u2013 pli\u0161 \/\/ be\u017e"},"content":{"rendered":"<p><strong>XS\/S<\/strong><br \/>\nGornji dio: duljina\/\u0161irina pazuha\/donji dio: 38cm\/36cm\/34cm<br \/>\nJakna: du\u017eina\/pazuh\/donji dio: 47cm\/62cm\/40cm<br \/>\nHla\u010de: du\u017eina\/struk\/bokovi: 102cm\/33cm\/40cm.<\/p>\n<p><strong>M\/L<\/strong><br \/>\nGornji dio: duljina\/\u0161irina pazuha\/donji dio: 40cm\/38cm\/36cm<br \/>\nJakna: du\u017eina\/pazuh\/donji dio: 49cm\/64cm\/42cm<br \/>\nHla\u010de: du\u017eina\/struk\/bokovi: 104cm\/35cm\/42cm.<\/p>","protected":false},"excerpt":{"rendered":"<p>Nova verzija kompleta Milan, izra\u0111ena od pli\u0161a.<\/p>\n<p><strong>Top, kratka jakna, gore \u0161ira, a dolje uska, te uski donji dio push-up izgleda.<\/strong><\/p>\n<p>Odaberite svoju uobi\u010dajenu veli\u010dinu, ako ste izme\u0111u, idite manje.<\/p>\n<p><strong>Podrijetlo: Poljska.<\/strong><\/p>","protected":false},"featured_media":5716,"template":"","meta":[],"product_brand":[],"product_cat":[259,33,92,36],"product_tag":[220,260],"class_list":{"0":"post-5560","1":"product","2":"type-product","3":"status-publish","4":"has-post-thumbnail","6":"product_cat-flawless-la-creme","7":"product_cat-kompleti-trenirke","8":"product_cat-topseller","9":"product_cat-zadnji-kosi-v-akciji","10":"product_tag-new1123","11":"product_tag-new24","12":"pa_barva-bez","13":"pa_velikosti-filter-xs-34","14":"pa_velikosti-filter-s-36","15":"pa_velikosti-filter-m-38","16":"pa_velikosti-filter-l-40","17":"pa_velikosti-filter-xl-42","19":"first","20":"instock","21":"sale","22":"featured","23":"taxable","24":"shipping-taxable","25":"purchasable","26":"product-type-variable"},"_links":{"self":[{"href":"https:\/\/must-have.si\/hr\/wp-json\/wp\/v2\/product\/5560","targetHints":{"allow":["GET"]}}],"collection":[{"href":"https:\/\/must-have.si\/hr\/wp-json\/wp\/v2\/product"}],"about":[{"href":"https:\/\/must-have.si\/hr\/wp-json\/wp\/v2\/types\/product"}],"wp:featuredmedia":[{"embeddable":true,"href":"https:\/\/must-have.si\/hr\/wp-json\/wp\/v2\/media\/5716"}],"wp:attachment":[{"href":"https:\/\/must-have.si\/hr\/wp-json\/wp\/v2\/media?parent=5560"}],"wp:term":[{"taxonomy":"product_brand","embeddable":true,"href":"https:\/\/must-have.si\/hr\/wp-json\/wp\/v2\/product_brand?post=5560"},{"taxonomy":"product_cat","embeddable":true,"href":"https:\/\/must-have.si\/hr\/wp-json\/wp\/v2\/product_cat?post=5560"},{"taxonomy":"product_tag","embeddable":true,"href":"https:\/\/must-have.si\/hr\/wp-json\/wp\/v2\/product_tag?post=5560"}],"curies":[{"name":"wp","href":"https:\/\/api.w.org\/{rel}","templated":true}]}}