{"id":5537,"date":"2024-03-15T13:45:13","date_gmt":"2024-03-15T12:45:13","guid":{"rendered":"https:\/\/must-have.si\/?post_type=product&#038;p=5537"},"modified":"2025-09-04T11:45:17","modified_gmt":"2025-09-04T09:45:17","slug":"2-dijelni-set-ljetne-viole","status":"publish","type":"product","link":"https:\/\/must-have.si\/hr\/proizvod\/2-dijelni-set-ljetne-viole\/","title":{"rendered":"Komplet \"Summer\" \/\/ viola"},"content":{"rendered":"<p><strong>XS\/S<\/strong><br \/>\nGornji dio: duljina\/\u0161irina pazuha\/donji dio: 37cm\/34cm\/33cm<br \/>\nSuknja: du\u017eina\/struk\/bokovi: 88cm\/32cm\/36cm.<\/p>\n<p><strong>M\/L<\/strong><br \/>\nGornji dio: duljina\/\u0161irina pazuha\/donji dio: 39 cm\/36 cm\/35 cm<br \/>\nSuknja: du\u017eina\/struk\/bokovi: 90cm\/34cm\/38cm<\/p>","protected":false},"excerpt":{"rendered":"<p>Moderan dvodijelni set.<\/p>\n<p>Odaberite svoju uobi\u010dajenu veli\u010dinu, ako ste izme\u0111u, idite manje.<\/p>\n<p><strong>Podrijetlo: Poljska.<\/strong><\/p>","protected":false},"featured_media":5691,"template":"","meta":[],"product_brand":[],"product_cat":[259,33,305,92],"product_tag":[220,260],"class_list":{"0":"post-5537","1":"product","2":"type-product","3":"status-publish","4":"has-post-thumbnail","6":"product_cat-flawless-la-creme","7":"product_cat-kompleti-trenirke","8":"product_cat-poletje","9":"product_cat-topseller","10":"product_tag-new1123","11":"product_tag-new24","12":"pa_barva-vijolicna","13":"pa_velikosti-filter-xs-34","14":"pa_velikosti-filter-s-36","15":"pa_velikosti-filter-m-38","16":"pa_velikosti-filter-l-40","17":"pa_velikosti-filter-xl-42","19":"first","20":"instock","21":"sale","22":"featured","23":"taxable","24":"shipping-taxable","25":"purchasable","26":"product-type-variable"},"_links":{"self":[{"href":"https:\/\/must-have.si\/hr\/wp-json\/wp\/v2\/product\/5537","targetHints":{"allow":["GET"]}}],"collection":[{"href":"https:\/\/must-have.si\/hr\/wp-json\/wp\/v2\/product"}],"about":[{"href":"https:\/\/must-have.si\/hr\/wp-json\/wp\/v2\/types\/product"}],"wp:featuredmedia":[{"embeddable":true,"href":"https:\/\/must-have.si\/hr\/wp-json\/wp\/v2\/media\/5691"}],"wp:attachment":[{"href":"https:\/\/must-have.si\/hr\/wp-json\/wp\/v2\/media?parent=5537"}],"wp:term":[{"taxonomy":"product_brand","embeddable":true,"href":"https:\/\/must-have.si\/hr\/wp-json\/wp\/v2\/product_brand?post=5537"},{"taxonomy":"product_cat","embeddable":true,"href":"https:\/\/must-have.si\/hr\/wp-json\/wp\/v2\/product_cat?post=5537"},{"taxonomy":"product_tag","embeddable":true,"href":"https:\/\/must-have.si\/hr\/wp-json\/wp\/v2\/product_tag?post=5537"}],"curies":[{"name":"wp","href":"https:\/\/api.w.org\/{rel}","templated":true}]}}