{"id":5525,"date":"2024-03-15T13:05:37","date_gmt":"2024-03-15T12:05:37","guid":{"rendered":"https:\/\/must-have.si\/?post_type=product&#038;p=5525"},"modified":"2026-03-03T00:32:58","modified_gmt":"2026-03-02T23:32:58","slug":"2-dijelni-set-florence-pink","status":"publish","type":"product","link":"https:\/\/must-have.si\/hr\/proizvod\/2-dijelni-set-florence-pink\/","title":{"rendered":"2-dijelni set Florence \/\/ roza"},"content":{"rendered":"<p><strong>XS\/S<\/strong><br \/>\nGornji dio: duljina\/\u0161irina pazuha\/donji dio: 38cm\/36cm\/34cm<br \/>\nHla\u010de: du\u017eina\/struk\/du\u017eina me\u0111uno\u017eja: 107cm\/33cm\/83cm.<\/p>\n<p><strong>M\/L<\/strong><br \/>\nGornji dio: duljina\/\u0161irina pazuha\/donji dio: 40cm\/38cm\/36cm<br \/>\nHla\u010de: du\u017eina\/struk\/du\u017eina me\u0111uno\u017eja: 109cm\/35cm\/85cm<\/p>","protected":false},"excerpt":{"rendered":"<p>Moderan dvodijelni set<\/p>\n<p><strong>Top i \u0161iroke, du\u017ee hla\u010de.<\/strong><\/p>\n<p>Odaberite svoju uobi\u010dajenu veli\u010dinu, ako ste izme\u0111u, idite manje.<\/p>\n<p><strong>Podrijetlo: Poljska.<\/strong><\/p>\n<p>*Hla\u010de su duge i nisu prikladne za ni\u017ee djevojke, mjere provjerite ispod. Po \u017eelji mo\u017eemo dogovoriti skra\u0107ivanje kose kod kroja\u010da, cijena ove dodatne usluge je 10\u20ac.<\/p>\n<p>*Veli\u010dina M\/L je rasprodana i vi\u0161e nije dostupna.<\/p>","protected":false},"featured_media":5753,"template":"","meta":[],"product_brand":[],"product_cat":[259,33,305,92,36],"product_tag":[220,260],"class_list":{"0":"post-5525","1":"product","2":"type-product","3":"status-publish","4":"has-post-thumbnail","6":"product_cat-flawless-la-creme","7":"product_cat-kompleti-trenirke","8":"product_cat-poletje","9":"product_cat-topseller","10":"product_cat-zadnji-kosi-v-akciji","11":"product_tag-new1123","12":"product_tag-new24","13":"pa_barva-pink","14":"pa_barva-roza","15":"pa_velikosti-filter-xs-34","16":"pa_velikosti-filter-s-36","17":"pa_velikosti-filter-m-38","18":"pa_velikosti-filter-l-40","19":"pa_velikosti-filter-xl-42","21":"first","22":"instock","23":"sale","24":"featured","25":"taxable","26":"shipping-taxable","27":"purchasable","28":"product-type-variable"},"_links":{"self":[{"href":"https:\/\/must-have.si\/hr\/wp-json\/wp\/v2\/product\/5525","targetHints":{"allow":["GET"]}}],"collection":[{"href":"https:\/\/must-have.si\/hr\/wp-json\/wp\/v2\/product"}],"about":[{"href":"https:\/\/must-have.si\/hr\/wp-json\/wp\/v2\/types\/product"}],"wp:featuredmedia":[{"embeddable":true,"href":"https:\/\/must-have.si\/hr\/wp-json\/wp\/v2\/media\/5753"}],"wp:attachment":[{"href":"https:\/\/must-have.si\/hr\/wp-json\/wp\/v2\/media?parent=5525"}],"wp:term":[{"taxonomy":"product_brand","embeddable":true,"href":"https:\/\/must-have.si\/hr\/wp-json\/wp\/v2\/product_brand?post=5525"},{"taxonomy":"product_cat","embeddable":true,"href":"https:\/\/must-have.si\/hr\/wp-json\/wp\/v2\/product_cat?post=5525"},{"taxonomy":"product_tag","embeddable":true,"href":"https:\/\/must-have.si\/hr\/wp-json\/wp\/v2\/product_tag?post=5525"}],"curies":[{"name":"wp","href":"https:\/\/api.w.org\/{rel}","templated":true}]}}