{"id":4963,"date":"2024-02-01T11:13:56","date_gmt":"2024-02-01T10:13:56","guid":{"rendered":"https:\/\/must-have.si\/?post_type=product&#038;p=4963"},"modified":"2025-10-19T13:23:56","modified_gmt":"2025-10-19T11:23:56","slug":"3-dijelni-set-milansko-roza","status":"publish","type":"product","link":"https:\/\/must-have.si\/hr\/proizvod\/3-dijelni-set-milansko-roza\/","title":{"rendered":"3-dijelni set Milan \/\/ roza"},"content":{"rendered":"<p><strong>XS\/S<\/strong><br \/>\nGornji dio: duljina\/\u0161irina pazuha\/donji dio: 45 cm\/28 cm\/27 cm<br \/>\nJakna: du\u017eina\/pazuh\/donji dio: 47cm\/45cm\/37cm<br \/>\nHla\u010de: du\u017eina\/struk\/bokovi: 95cm\/32cm\/40cm.<\/p>\n<p><strong>M\/L<\/strong><br \/>\nGornji dio: duljina\/\u0161irina pazuha\/donji dio: 46cm\/30cm\/29cm<br \/>\nJakna: du\u017eina\/pazuh\/donji dio: 48cm\/47cm\/39cm<br \/>\nHla\u010de: du\u017eina\/struk\/bokovi: 97cm\/35cm\/42cm<\/p>","protected":false},"excerpt":{"rendered":"<p>Najpopularniji sportski komplet:<\/p>\n<p><strong>Top, kratka jakna i trenirka.<\/strong><\/p>\n<p>Odaberite svoju uobi\u010dajenu veli\u010dinu, ako ste izme\u0111u, idite manje.<\/p>\n<p><strong>Podrijetlo: Poljska.<\/strong><\/p>\n<p>Izuzetno kvalitetan i udoban materijal: 75% pamuk, 20% poliester, 5% elastan.<\/p>","protected":false},"featured_media":9188,"template":"","meta":[],"product_brand":[],"product_cat":[259,33,92],"product_tag":[295,220,260],"class_list":{"0":"post-4963","1":"product","2":"type-product","3":"status-publish","4":"has-post-thumbnail","6":"product_cat-flawless-la-creme","7":"product_cat-kompleti-trenirke","8":"product_cat-topseller","9":"product_tag-3v1milan","10":"product_tag-new1123","11":"product_tag-new24","12":"pa_barva-pink","13":"pa_velikosti-filter-xs-34","14":"pa_velikosti-filter-s-36","15":"pa_velikosti-filter-m-38","16":"pa_velikosti-filter-l-40","17":"pa_velikosti-filter-xl-42","19":"first","20":"instock","21":"sale","22":"featured","23":"taxable","24":"shipping-taxable","25":"purchasable","26":"product-type-variable"},"_links":{"self":[{"href":"https:\/\/must-have.si\/hr\/wp-json\/wp\/v2\/product\/4963","targetHints":{"allow":["GET"]}}],"collection":[{"href":"https:\/\/must-have.si\/hr\/wp-json\/wp\/v2\/product"}],"about":[{"href":"https:\/\/must-have.si\/hr\/wp-json\/wp\/v2\/types\/product"}],"wp:featuredmedia":[{"embeddable":true,"href":"https:\/\/must-have.si\/hr\/wp-json\/wp\/v2\/media\/9188"}],"wp:attachment":[{"href":"https:\/\/must-have.si\/hr\/wp-json\/wp\/v2\/media?parent=4963"}],"wp:term":[{"taxonomy":"product_brand","embeddable":true,"href":"https:\/\/must-have.si\/hr\/wp-json\/wp\/v2\/product_brand?post=4963"},{"taxonomy":"product_cat","embeddable":true,"href":"https:\/\/must-have.si\/hr\/wp-json\/wp\/v2\/product_cat?post=4963"},{"taxonomy":"product_tag","embeddable":true,"href":"https:\/\/must-have.si\/hr\/wp-json\/wp\/v2\/product_tag?post=4963"}],"curies":[{"name":"wp","href":"https:\/\/api.w.org\/{rel}","templated":true}]}}