{"id":4141,"date":"2023-11-30T00:20:11","date_gmt":"2023-11-29T23:20:11","guid":{"rendered":"https:\/\/must-have.si\/?post_type=product&#038;p=4141"},"modified":"2026-03-03T00:33:02","modified_gmt":"2026-03-02T23:33:02","slug":"svetlikajoca-obleka-crna","status":"publish","type":"product","link":"https:\/\/must-have.si\/hr\/proizvod\/svetlikajoca-obleka-crna\/","title":{"rendered":"Svjetlucava haljina \/\/ crna"},"content":{"rendered":"<p>Dol\u017eina obleke: 95 cm, \u0161irina prsnega ko\u0161a 40cm (x2)<\/p>","protected":false},"excerpt":{"rendered":"<p>Udobna elasti\u010dna obleka za posebne prilo\u017enosti.<\/p>\n<p>Velikost obleke je UNI, ustreza za S, M in manj\u0161i L.<\/p>","protected":false},"featured_media":4145,"template":"","meta":[],"product_brand":[],"product_cat":[30,90,222,92],"product_tag":[224],"class_list":{"0":"post-4141","1":"product","2":"type-product","3":"status-publish","4":"has-post-thumbnail","6":"product_cat-obleke-tunike","7":"product_cat-obleke-z-dolgimi-in-3-4-rokavi","8":"product_cat-praznicna-ponudba","9":"product_cat-topseller","10":"product_tag-new11223","11":"pa_barva-crna","12":"pa_velikost2-uni-1-2-dni","13":"pa_velikost2-uni-3-5-dni","14":"pa_velikost2-uni-4-8-dni","15":"pa_velikosti-filter-s-36","16":"pa_velikosti-filter-m-38","17":"pa_velikosti-filter-l-40","19":"first","20":"instock","21":"sale","22":"taxable","23":"shipping-taxable","24":"purchasable","25":"product-type-variable"},"_links":{"self":[{"href":"https:\/\/must-have.si\/hr\/wp-json\/wp\/v2\/product\/4141","targetHints":{"allow":["GET"]}}],"collection":[{"href":"https:\/\/must-have.si\/hr\/wp-json\/wp\/v2\/product"}],"about":[{"href":"https:\/\/must-have.si\/hr\/wp-json\/wp\/v2\/types\/product"}],"wp:featuredmedia":[{"embeddable":true,"href":"https:\/\/must-have.si\/hr\/wp-json\/wp\/v2\/media\/4145"}],"wp:attachment":[{"href":"https:\/\/must-have.si\/hr\/wp-json\/wp\/v2\/media?parent=4141"}],"wp:term":[{"taxonomy":"product_brand","embeddable":true,"href":"https:\/\/must-have.si\/hr\/wp-json\/wp\/v2\/product_brand?post=4141"},{"taxonomy":"product_cat","embeddable":true,"href":"https:\/\/must-have.si\/hr\/wp-json\/wp\/v2\/product_cat?post=4141"},{"taxonomy":"product_tag","embeddable":true,"href":"https:\/\/must-have.si\/hr\/wp-json\/wp\/v2\/product_tag?post=4141"}],"curies":[{"name":"wp","href":"https:\/\/api.w.org\/{rel}","templated":true}]}}