{"id":3970,"date":"2023-11-20T13:24:54","date_gmt":"2023-11-20T12:24:54","guid":{"rendered":"https:\/\/must-have.si\/?post_type=product&#038;p=3970"},"modified":"2025-10-19T13:23:56","modified_gmt":"2025-10-19T11:23:56","slug":"dvodijelna-trenirka-sandra-bijela-bez-crne","status":"publish","type":"product","link":"https:\/\/must-have.si\/hr\/proizvod\/dvodijelna-trenirka-sandra-bijela-bez-crne\/","title":{"rendered":"Dvodijelna trenirka Sandra \/\/ bijela, be\u017e, crna (XL)"},"content":{"rendered":"<p>Mjere trenerke u S: \u0161irina izme\u0111u pazuha 55 cm, du\u017eina rukava 60 cm, du\u017eina majice 64 cm, \u0161irina hla\u010da u struku 32 cm, du\u017eina hla\u010da 101 cm.<\/p>","protected":false},"excerpt":{"rendered":"<p>Materijal: pamuk 90%, elastin 10%.<\/p>\n<p>Odaberite svoju uobi\u010dajenu veli\u010dinu.<\/p>\n<p><strong>Porijeklo: Turska.<\/strong><\/p>","protected":false},"featured_media":3981,"template":"","meta":[],"product_brand":[],"product_cat":[33],"product_tag":[],"class_list":{"0":"post-3970","1":"product","2":"type-product","3":"status-publish","4":"has-post-thumbnail","6":"product_cat-kompleti-trenirke","7":"pa_barva-bela","8":"pa_barva-bez","9":"pa_barva-crna","10":"pa_velikost2-s-4-8-dni","11":"pa_velikost2-s-1-2-dni","12":"pa_velikost2-m-1-2-dni","13":"pa_velikost2-m-4-8-dni","14":"pa_velikost2-l-1-2-dni","15":"pa_velikost2-l-4-8-dni","16":"pa_velikost2-xl-1-2-dni","17":"pa_velikost2-xl-4-8-dni","18":"pa_velikosti-filter-s-36","19":"pa_velikosti-filter-m-38","20":"pa_velikosti-filter-l-40","21":"pa_velikosti-filter-xl-42","23":"first","24":"instock","25":"sale","26":"taxable","27":"shipping-taxable","28":"purchasable","29":"product-type-variable"},"_links":{"self":[{"href":"https:\/\/must-have.si\/hr\/wp-json\/wp\/v2\/product\/3970","targetHints":{"allow":["GET"]}}],"collection":[{"href":"https:\/\/must-have.si\/hr\/wp-json\/wp\/v2\/product"}],"about":[{"href":"https:\/\/must-have.si\/hr\/wp-json\/wp\/v2\/types\/product"}],"wp:featuredmedia":[{"embeddable":true,"href":"https:\/\/must-have.si\/hr\/wp-json\/wp\/v2\/media\/3981"}],"wp:attachment":[{"href":"https:\/\/must-have.si\/hr\/wp-json\/wp\/v2\/media?parent=3970"}],"wp:term":[{"taxonomy":"product_brand","embeddable":true,"href":"https:\/\/must-have.si\/hr\/wp-json\/wp\/v2\/product_brand?post=3970"},{"taxonomy":"product_cat","embeddable":true,"href":"https:\/\/must-have.si\/hr\/wp-json\/wp\/v2\/product_cat?post=3970"},{"taxonomy":"product_tag","embeddable":true,"href":"https:\/\/must-have.si\/hr\/wp-json\/wp\/v2\/product_tag?post=3970"}],"curies":[{"name":"wp","href":"https:\/\/api.w.org\/{rel}","templated":true}]}}