{"id":3117,"date":"2023-11-01T12:38:58","date_gmt":"2023-11-01T11:38:58","guid":{"rendered":"https:\/\/must-have.si\/?post_type=product&#038;p=3117"},"modified":"2025-09-04T11:30:29","modified_gmt":"2025-09-04T09:30:29","slug":"tunika-ssshhh-temno-zelena-uni","status":"publish","type":"product","link":"https:\/\/must-have.si\/hr\/proizvod\/tunika-ssshhh-temno-zelena-uni\/","title":{"rendered":"Tunika ssshhh\u2026 \/\/ tamno zelena"},"content":{"rendered":"<p style=\"font-weight: 400;\"><strong>Materijal: pamuk 90%, elastin 10%.<br \/>\n<\/strong><\/p>\n<p style=\"font-weight: 400;\"><strong>Podrijetlo proizvoda: Turska.<\/strong><\/p>\n<p style=\"font-weight: 400;\">Odje\u0107u odr\u017eavajte prema etiketi na odje\u0107i.<\/p>\n<p style=\"font-weight: 400;\">Izmjerite svoj opseg i prepolovite broj kako biste dobili dolje navedene \u0161irine.<\/p>\n<p style=\"font-weight: 400;\"><strong><em>Veli\u010dine (tolerancija +\/- 2 cm)<\/em><\/strong><\/p>\n<p style=\"font-weight: 400;\">\u0160irina med pazduhami: 44 cm (obseg x 2)<\/p>\n<p style=\"font-weight: 400;\">Dol\u017eina rokava, merjena od pazduhe: 32 cm<\/p>\n<p style=\"font-weight: 400;\">Skupna dol\u017eina spredaj\/vzadaj: 84\/97 cm<\/p>","protected":false},"excerpt":{"rendered":"<p>Udobna tunika s 3\/4 rokavi in provokativnim potiskom.<\/p>\n<p><strong>Velikost je univerzalna, primerna za XS, S in M<\/strong>. Preveri mere tunike spodaj, v podrobnostih artikla.<\/p>\n<p><strong>Porijeklo: Turska.<\/strong><\/p>\n<p>Materijal: pamuk 90%, elastin 10%.<\/p>","protected":false},"featured_media":3119,"template":"","meta":[],"product_brand":[],"product_cat":[30,90,286],"product_tag":[306],"class_list":{"0":"post-3117","1":"product","2":"type-product","3":"status-publish","4":"has-post-thumbnail","6":"product_cat-obleke-tunike","7":"product_cat-obleke-z-dolgimi-in-3-4-rokavi","8":"product_cat-vse-po-15e","9":"product_tag-vsepo15","10":"pa_barva-zelena","11":"pa_velikost2-uni-1-2-dni","12":"pa_velikost2-uni-4-8-dni","13":"pa_velikosti-filter-xs-34","14":"pa_velikosti-filter-s-36","15":"pa_velikosti-filter-m-38","17":"first","18":"instock","19":"sale","20":"taxable","21":"shipping-taxable","22":"purchasable","23":"product-type-variable"},"_links":{"self":[{"href":"https:\/\/must-have.si\/hr\/wp-json\/wp\/v2\/product\/3117","targetHints":{"allow":["GET"]}}],"collection":[{"href":"https:\/\/must-have.si\/hr\/wp-json\/wp\/v2\/product"}],"about":[{"href":"https:\/\/must-have.si\/hr\/wp-json\/wp\/v2\/types\/product"}],"wp:featuredmedia":[{"embeddable":true,"href":"https:\/\/must-have.si\/hr\/wp-json\/wp\/v2\/media\/3119"}],"wp:attachment":[{"href":"https:\/\/must-have.si\/hr\/wp-json\/wp\/v2\/media?parent=3117"}],"wp:term":[{"taxonomy":"product_brand","embeddable":true,"href":"https:\/\/must-have.si\/hr\/wp-json\/wp\/v2\/product_brand?post=3117"},{"taxonomy":"product_cat","embeddable":true,"href":"https:\/\/must-have.si\/hr\/wp-json\/wp\/v2\/product_cat?post=3117"},{"taxonomy":"product_tag","embeddable":true,"href":"https:\/\/must-have.si\/hr\/wp-json\/wp\/v2\/product_tag?post=3117"}],"curies":[{"name":"wp","href":"https:\/\/api.w.org\/{rel}","templated":true}]}}