{"id":3015,"date":"2023-10-31T10:27:10","date_gmt":"2023-10-31T09:27:10","guid":{"rendered":"https:\/\/must-have.si\/?post_type=product&#038;p=3015"},"modified":"2026-03-03T00:33:02","modified_gmt":"2026-03-02T23:33:02","slug":"brooklyn-haljina-siva","status":"publish","type":"product","link":"https:\/\/must-have.si\/hr\/proizvod\/brooklyn-haljina-siva\/","title":{"rendered":"Haljina Brooklyn \/\/ siva"},"content":{"rendered":"<p style=\"font-weight: 400;\"><b><strong>Materijal: pamuk 90%, elastin 10%.<\/strong><\/b><\/p>\n<p style=\"font-weight: 400;\"><b><strong><em>Veli\u010dine (tolerancija +\/- 2 cm)<\/em><\/strong><\/b><\/p>\n<p style=\"font-weight: 400;\">\u0160irina prsa: 47 cm (opseg x 2)<\/p>\n<p style=\"font-weight: 400;\">Du\u017eina rukava, mjereno od ramena: 61 cm<\/p>\n<p style=\"font-weight: 400;\">Du\u017eina rukava, mjereno od pazuha: 49 cm<\/p>\n<p style=\"font-weight: 400;\">Ukupna du\u017eina: 98 cm<\/p>\n<p style=\"font-weight: 400;\">\u0160irina kukova: 55 cm (opseg x 2)<\/p>","protected":false},"excerpt":{"rendered":"<p>Udobna haljina s d\u017eepovima, kapulja\u010dom i natpisom Brooklyn. Haljina je izra\u0111ena od visokokvalitetnog elasti\u010dnog materijala (90% pamuk).<\/p>\n<p>Veli\u010dina je univerzalna, odgovara za S, M ili manji L. Mjere haljine provjerite ispod, u detaljima artikla.<\/p>\n<p><strong>Porijeklo: Turska.<\/strong><\/p>","protected":false},"featured_media":7690,"template":"","meta":[],"product_brand":[],"product_cat":[30,90],"product_tag":[],"class_list":{"0":"post-3015","1":"product","2":"type-product","3":"status-publish","4":"has-post-thumbnail","6":"product_cat-obleke-tunike","7":"product_cat-obleke-z-dolgimi-in-3-4-rokavi","8":"pa_barva-siva","9":"pa_velikost2-uni-1-2-dni","10":"pa_velikost2-uni-4-8-dni","11":"pa_velikosti-filter-s-36","12":"pa_velikosti-filter-m-38","13":"pa_velikosti-filter-l-40","15":"first","16":"instock","17":"sale","18":"taxable","19":"shipping-taxable","20":"purchasable","21":"product-type-variable"},"_links":{"self":[{"href":"https:\/\/must-have.si\/hr\/wp-json\/wp\/v2\/product\/3015","targetHints":{"allow":["GET"]}}],"collection":[{"href":"https:\/\/must-have.si\/hr\/wp-json\/wp\/v2\/product"}],"about":[{"href":"https:\/\/must-have.si\/hr\/wp-json\/wp\/v2\/types\/product"}],"wp:featuredmedia":[{"embeddable":true,"href":"https:\/\/must-have.si\/hr\/wp-json\/wp\/v2\/media\/7690"}],"wp:attachment":[{"href":"https:\/\/must-have.si\/hr\/wp-json\/wp\/v2\/media?parent=3015"}],"wp:term":[{"taxonomy":"product_brand","embeddable":true,"href":"https:\/\/must-have.si\/hr\/wp-json\/wp\/v2\/product_brand?post=3015"},{"taxonomy":"product_cat","embeddable":true,"href":"https:\/\/must-have.si\/hr\/wp-json\/wp\/v2\/product_cat?post=3015"},{"taxonomy":"product_tag","embeddable":true,"href":"https:\/\/must-have.si\/hr\/wp-json\/wp\/v2\/product_tag?post=3015"}],"curies":[{"name":"wp","href":"https:\/\/api.w.org\/{rel}","templated":true}]}}