{"id":2915,"date":"2023-10-28T14:07:42","date_gmt":"2023-10-28T12:07:42","guid":{"rendered":"https:\/\/must-have.si\/?post_type=product&#038;p=2915"},"modified":"2026-03-03T00:33:02","modified_gmt":"2026-03-02T23:33:02","slug":"brooklyn-djecja-plava-haljina","status":"publish","type":"product","link":"https:\/\/must-have.si\/hr\/proizvod\/brooklyn-djecja-plava-haljina\/","title":{"rendered":"Tunika s pasom \/\/ rde\u010da"},"content":{"rendered":"<p style=\"font-weight: 400;\"><b><strong>Materijal: pamuk 90%, elastin 10%.<\/strong><\/b><\/p>\n<p style=\"font-weight: 400;\"><b><strong><em>Veli\u010dine (tolerancija +\/- 2 cm)<\/em><\/strong><\/b><\/p>\n<p style=\"font-weight: 400;\">\u0160irina prsnega ko\u0161a: 46 cm (obseg x 2)<\/p>\n<p style=\"font-weight: 400;\">Dol\u017eina rokava, merjena od rame: 59 cm<\/p>\n<p style=\"font-weight: 400;\">Dol\u017eina rokava, merjena od pazduhe: 50 cm<\/p>\n<p style=\"font-weight: 400;\">Ukupna du\u017eina: 88 cm<\/p>\n<p style=\"font-weight: 400;\">\u0160irina bokov: 51 cm (obseg x 2)<\/p>","protected":false},"excerpt":{"rendered":"<p>Udobna tunika z okrasnim pasom, ki po\u017eivi in poudari \u0161portni stil obleke. Obleka je narejena iz visoko kakovostnega elasti\u010dnega materiala (90% bomba\u017e).<\/p>\n<p>Veli\u010dina je univerzalna, odgovara za S, M ili manji L. Mjere haljine provjerite ispod, u detaljima artikla.<\/p>\n<p><strong>Porijeklo: Turska.<\/strong><\/p>","protected":false},"featured_media":9356,"template":"","meta":[],"product_brand":[],"product_cat":[30,90],"product_tag":[],"class_list":{"0":"post-2915","1":"product","2":"type-product","3":"status-publish","4":"has-post-thumbnail","6":"product_cat-obleke-tunike","7":"product_cat-obleke-z-dolgimi-in-3-4-rokavi","8":"pa_barva-rdeca","9":"pa_velikost2-uni-1-2-dni","10":"pa_velikost2-uni-4-8-dni","11":"pa_velikosti-filter-s-36","12":"pa_velikosti-filter-m-38","13":"pa_velikosti-filter-l-40","15":"first","16":"instock","17":"sale","18":"taxable","19":"shipping-taxable","20":"purchasable","21":"product-type-variable"},"_links":{"self":[{"href":"https:\/\/must-have.si\/hr\/wp-json\/wp\/v2\/product\/2915","targetHints":{"allow":["GET"]}}],"collection":[{"href":"https:\/\/must-have.si\/hr\/wp-json\/wp\/v2\/product"}],"about":[{"href":"https:\/\/must-have.si\/hr\/wp-json\/wp\/v2\/types\/product"}],"wp:featuredmedia":[{"embeddable":true,"href":"https:\/\/must-have.si\/hr\/wp-json\/wp\/v2\/media\/9356"}],"wp:attachment":[{"href":"https:\/\/must-have.si\/hr\/wp-json\/wp\/v2\/media?parent=2915"}],"wp:term":[{"taxonomy":"product_brand","embeddable":true,"href":"https:\/\/must-have.si\/hr\/wp-json\/wp\/v2\/product_brand?post=2915"},{"taxonomy":"product_cat","embeddable":true,"href":"https:\/\/must-have.si\/hr\/wp-json\/wp\/v2\/product_cat?post=2915"},{"taxonomy":"product_tag","embeddable":true,"href":"https:\/\/must-have.si\/hr\/wp-json\/wp\/v2\/product_tag?post=2915"}],"curies":[{"name":"wp","href":"https:\/\/api.w.org\/{rel}","templated":true}]}}