{"id":2126,"date":"2023-09-28T10:29:52","date_gmt":"2023-09-28T08:29:52","guid":{"rendered":"https:\/\/must-have.si\/?post_type=product&#038;p=2126"},"modified":"2025-05-06T10:50:19","modified_gmt":"2025-05-06T08:50:19","slug":"tutu-krilo-mamihci-s-m80-86","status":"publish","type":"product","link":"https:\/\/must-have.si\/hr\/proizvod\/tutu-krilo-mamihci-s-m80-86\/","title":{"rendered":"Tutu krilo Mami&#038;h\u010di (S\/M+74\/80)"},"content":{"rendered":"","protected":false},"excerpt":{"rendered":"<p>\u010cudovito 7 plastno krilo iz mehkega tila. Odli\u010dna izbira za praznovanja in posebne prilo\u017enosti, na katerih se bosta skupaj s h\u010derko po\u010dutili kot princeski.<\/p>\n<p>Krilo je neprosojno in lepo padajo\u010de v obliko A.<\/p>\n<p><strong>Ro\u010dno \u0161ivano v EU.<\/strong><\/p>\n<p>Veli\u010dine su standardne, europske.<\/p>","protected":false},"featured_media":2097,"template":"","meta":[],"product_brand":[],"product_cat":[35],"product_tag":[],"class_list":{"0":"post-2126","1":"product","2":"type-product","3":"status-publish","4":"has-post-thumbnail","6":"product_cat-mamahci-in-atasin","7":"pa_barva-pink","8":"pa_barva-roza","9":"pa_velikost2-s74-80","10":"pa_velikost2-s-m80-86","11":"pa_velikosti-filter-156","12":"pa_velikosti-filter-155","13":"pa_velikosti-filter-s-36","14":"pa_velikosti-filter-m-38","16":"first","17":"instock","18":"sale","19":"taxable","20":"shipping-taxable","21":"purchasable","22":"product-type-variable"},"_links":{"self":[{"href":"https:\/\/must-have.si\/hr\/wp-json\/wp\/v2\/product\/2126","targetHints":{"allow":["GET"]}}],"collection":[{"href":"https:\/\/must-have.si\/hr\/wp-json\/wp\/v2\/product"}],"about":[{"href":"https:\/\/must-have.si\/hr\/wp-json\/wp\/v2\/types\/product"}],"wp:featuredmedia":[{"embeddable":true,"href":"https:\/\/must-have.si\/hr\/wp-json\/wp\/v2\/media\/2097"}],"wp:attachment":[{"href":"https:\/\/must-have.si\/hr\/wp-json\/wp\/v2\/media?parent=2126"}],"wp:term":[{"taxonomy":"product_brand","embeddable":true,"href":"https:\/\/must-have.si\/hr\/wp-json\/wp\/v2\/product_brand?post=2126"},{"taxonomy":"product_cat","embeddable":true,"href":"https:\/\/must-have.si\/hr\/wp-json\/wp\/v2\/product_cat?post=2126"},{"taxonomy":"product_tag","embeddable":true,"href":"https:\/\/must-have.si\/hr\/wp-json\/wp\/v2\/product_tag?post=2126"}],"curies":[{"name":"wp","href":"https:\/\/api.w.org\/{rel}","templated":true}]}}