{"id":2010,"date":"2023-09-19T00:57:43","date_gmt":"2023-09-18T22:57:43","guid":{"rendered":"https:\/\/must-have.si\/?post_type=product&#038;p=2010"},"modified":"2026-03-03T00:33:07","modified_gmt":"2026-03-02T23:33:07","slug":"lauren-pulover-bez","status":"publish","type":"product","link":"https:\/\/must-have.si\/hr\/proizvod\/lauren-pulover-bez\/","title":{"rendered":"Pulover Lauren \/\/ be\u017e"},"content":{"rendered":"","protected":false},"excerpt":{"rendered":"<p>\u017denstvena i udobna tanka vesta, s opu\u0161tenijim rukavom na zglobu.<\/p>\n<p>Sastav: 90% pamuk, 10% elastin.<\/p>\n<p><strong>Porijeklo: Turska.<\/strong><\/p>\n<p>Odaberite svoju uobi\u010dajenu veli\u010dinu.<\/p>","protected":false},"featured_media":2004,"template":"","meta":[],"product_brand":[],"product_cat":[114,92,34],"product_tag":[],"class_list":{"0":"post-2010","1":"product","2":"type-product","3":"status-publish","4":"has-post-thumbnail","6":"product_cat-majice-bluze-z-dolgimi-rokavi","7":"product_cat-topseller","8":"product_cat-zgornji-deli","9":"pa_barva-bez","10":"pa_velikost2-s-4-8-dni","11":"pa_velikost2-s-1-2-dni","12":"pa_velikost2-m-1-2-dni","13":"pa_velikost2-m-4-8-dni","14":"pa_velikost2-l-1-2-dni","15":"pa_velikost2-l-4-8-dni","16":"pa_velikost2-xl-1-2-dni","17":"pa_velikost2-xl-4-8-dni","18":"pa_velikosti-filter-m-38","19":"pa_velikosti-filter-l-40","21":"first","22":"instock","23":"sale","24":"taxable","25":"shipping-taxable","26":"purchasable","27":"product-type-variable"},"_links":{"self":[{"href":"https:\/\/must-have.si\/hr\/wp-json\/wp\/v2\/product\/2010","targetHints":{"allow":["GET"]}}],"collection":[{"href":"https:\/\/must-have.si\/hr\/wp-json\/wp\/v2\/product"}],"about":[{"href":"https:\/\/must-have.si\/hr\/wp-json\/wp\/v2\/types\/product"}],"wp:featuredmedia":[{"embeddable":true,"href":"https:\/\/must-have.si\/hr\/wp-json\/wp\/v2\/media\/2004"}],"wp:attachment":[{"href":"https:\/\/must-have.si\/hr\/wp-json\/wp\/v2\/media?parent=2010"}],"wp:term":[{"taxonomy":"product_brand","embeddable":true,"href":"https:\/\/must-have.si\/hr\/wp-json\/wp\/v2\/product_brand?post=2010"},{"taxonomy":"product_cat","embeddable":true,"href":"https:\/\/must-have.si\/hr\/wp-json\/wp\/v2\/product_cat?post=2010"},{"taxonomy":"product_tag","embeddable":true,"href":"https:\/\/must-have.si\/hr\/wp-json\/wp\/v2\/product_tag?post=2010"}],"curies":[{"name":"wp","href":"https:\/\/api.w.org\/{rel}","templated":true}]}}