{"id":1403,"date":"2023-09-12T20:02:46","date_gmt":"2023-09-12T18:02:46","guid":{"rendered":"https:\/\/must-have.si\/?post_type=product&#038;p=1403"},"modified":"2025-09-04T11:53:40","modified_gmt":"2025-09-04T09:53:40","slug":"basic-jeans-z-visokim-pasom","status":"publish","type":"product","link":"https:\/\/must-have.si\/hr\/proizvod\/basic-jeans-z-visokim-pasom\/","title":{"rendered":"Basic jeans z visokim pasom (M)"},"content":{"rendered":"<p>Model na fotografiji nosi velikost S (vi\u0161ina 180 cm, prsi 90 cm, pas 63 cm, boki 93 cm).<\/p>\n<p>Mere hla\u010d v S: \u0161irina pasu 36 cm, vi\u0161ina pasu 31 cm, celotna dol\u017eina 98 cm.<\/p>","protected":false},"excerpt":{"rendered":"<p>Material: 68% bomba\u017e, 27% poliester, 3% viskoza, 2% elastan.<\/p>\n<p>Odaberite svoju uobi\u010dajenu veli\u010dinu.<\/p>","protected":false},"featured_media":1411,"template":"","meta":[],"product_brand":[],"product_cat":[32,110,286,36],"product_tag":[306],"class_list":{"0":"post-1403","1":"product","2":"type-product","3":"status-publish","4":"has-post-thumbnail","6":"product_cat-hlace-krila","7":"product_cat-jeans","8":"product_cat-vse-po-15e","9":"product_cat-zadnji-kosi-v-akciji","10":"product_tag-vsepo15","11":"pa_barva-modra","12":"pa_velikost-m","13":"pa_velikost-l","14":"pa_velikost-xl","15":"pa_velikosti-filter-m-38","16":"pa_velikosti-filter-l-40","18":"first","19":"instock","20":"sale","21":"featured","22":"taxable","23":"shipping-taxable","24":"purchasable","25":"product-type-variable"},"_links":{"self":[{"href":"https:\/\/must-have.si\/hr\/wp-json\/wp\/v2\/product\/1403","targetHints":{"allow":["GET"]}}],"collection":[{"href":"https:\/\/must-have.si\/hr\/wp-json\/wp\/v2\/product"}],"about":[{"href":"https:\/\/must-have.si\/hr\/wp-json\/wp\/v2\/types\/product"}],"wp:featuredmedia":[{"embeddable":true,"href":"https:\/\/must-have.si\/hr\/wp-json\/wp\/v2\/media\/1411"}],"wp:attachment":[{"href":"https:\/\/must-have.si\/hr\/wp-json\/wp\/v2\/media?parent=1403"}],"wp:term":[{"taxonomy":"product_brand","embeddable":true,"href":"https:\/\/must-have.si\/hr\/wp-json\/wp\/v2\/product_brand?post=1403"},{"taxonomy":"product_cat","embeddable":true,"href":"https:\/\/must-have.si\/hr\/wp-json\/wp\/v2\/product_cat?post=1403"},{"taxonomy":"product_tag","embeddable":true,"href":"https:\/\/must-have.si\/hr\/wp-json\/wp\/v2\/product_tag?post=1403"}],"curies":[{"name":"wp","href":"https:\/\/api.w.org\/{rel}","templated":true}]}}