{"id":1329,"date":"2023-09-12T14:50:13","date_gmt":"2023-09-12T12:50:13","guid":{"rendered":"https:\/\/must-have.si\/?post_type=product&#038;p=1329"},"modified":"2026-03-03T00:33:09","modified_gmt":"2026-03-02T23:33:09","slug":"leticia-crna-haljina","status":"publish","type":"product","link":"https:\/\/must-have.si\/hr\/proizvod\/leticia-crna-haljina\/","title":{"rendered":"Obleka Leticia \/\/ \u010drna"},"content":{"rendered":"","protected":false},"excerpt":{"rendered":"<p>Udobna pamu\u010dna haljina sa \u0161irim gornjim dijelom.<\/p>\n<p>Materijal: pamuk 90%, elastin 10%.<\/p>\n<p>Odaberite svoju uobi\u010dajenu veli\u010dinu.<\/p>\n<p><strong>Porijeklo: Turska.<\/strong><\/p>","protected":false},"featured_media":1293,"template":"","meta":[],"product_brand":[],"product_cat":[274,30,90],"product_tag":[],"class_list":{"0":"post-1329","1":"product","2":"type-product","3":"status-publish","4":"has-post-thumbnail","6":"product_cat-obleka-leticia","7":"product_cat-obleke-tunike","8":"product_cat-obleke-z-dolgimi-in-3-4-rokavi","9":"pa_barva-crna","10":"pa_velikost2-s-4-8-dni","11":"pa_velikost2-s-1-2-dni","12":"pa_velikost2-m-1-2-dni","13":"pa_velikost2-m-4-8-dni","14":"pa_velikost2-l-1-2-dni","15":"pa_velikost2-l-4-8-dni","16":"pa_velikosti-filter-s-36","17":"pa_velikosti-filter-m-38","18":"pa_velikosti-filter-l-40","20":"first","21":"instock","22":"sale","23":"featured","24":"taxable","25":"shipping-taxable","26":"purchasable","27":"product-type-variable"},"_links":{"self":[{"href":"https:\/\/must-have.si\/hr\/wp-json\/wp\/v2\/product\/1329","targetHints":{"allow":["GET"]}}],"collection":[{"href":"https:\/\/must-have.si\/hr\/wp-json\/wp\/v2\/product"}],"about":[{"href":"https:\/\/must-have.si\/hr\/wp-json\/wp\/v2\/types\/product"}],"wp:featuredmedia":[{"embeddable":true,"href":"https:\/\/must-have.si\/hr\/wp-json\/wp\/v2\/media\/1293"}],"wp:attachment":[{"href":"https:\/\/must-have.si\/hr\/wp-json\/wp\/v2\/media?parent=1329"}],"wp:term":[{"taxonomy":"product_brand","embeddable":true,"href":"https:\/\/must-have.si\/hr\/wp-json\/wp\/v2\/product_brand?post=1329"},{"taxonomy":"product_cat","embeddable":true,"href":"https:\/\/must-have.si\/hr\/wp-json\/wp\/v2\/product_cat?post=1329"},{"taxonomy":"product_tag","embeddable":true,"href":"https:\/\/must-have.si\/hr\/wp-json\/wp\/v2\/product_tag?post=1329"}],"curies":[{"name":"wp","href":"https:\/\/api.w.org\/{rel}","templated":true}]}}