{"id":7330,"date":"2024-10-30T19:30:14","date_gmt":"2024-10-30T18:30:14","guid":{"rendered":"https:\/\/must-have.si\/lets-keep-in-touch\/"},"modified":"2024-10-30T19:30:14","modified_gmt":"2024-10-30T18:30:14","slug":"ostanimo-u-kontaktu","status":"publish","type":"page","link":"https:\/\/must-have.si\/hr\/ostanimo-u-kontaktu\/","title":{"rendered":"Ostanimo u kontaktu"},"content":{"rendered":"<p>Bok [bwfan_subscriber_name] <\/p>\n<p>Pomozite nam pobolj\u0161ati va\u0161e iskustvo s nama kroz bolju komunikaciju. Molimo prilagodite svoje postavke za e-po\u0161tu [bwfan_subscriber_recipient]. <\/p>\n[bwfan_unsubscribe_button label=\u201dA\u017euriraj moje postavke\u201d].<\/p>","protected":false},"excerpt":{"rendered":"<p>Hi [bwfan_subscriber_name] Help us to improve your experience with us through better communication. Please adjust your preferences for email [bwfan_subscriber_recipient]. [bwfan_unsubscribe_button label=&#8221;Update my preference&#8221;].<\/p>","protected":false},"author":5,"featured_media":0,"parent":0,"menu_order":0,"comment_status":"closed","ping_status":"closed","template":"","meta":{"footnotes":""},"class_list":["post-7330","page","type-page","status-publish","hentry"],"_links":{"self":[{"href":"https:\/\/must-have.si\/hr\/wp-json\/wp\/v2\/pages\/7330","targetHints":{"allow":["GET"]}}],"collection":[{"href":"https:\/\/must-have.si\/hr\/wp-json\/wp\/v2\/pages"}],"about":[{"href":"https:\/\/must-have.si\/hr\/wp-json\/wp\/v2\/types\/page"}],"author":[{"embeddable":true,"href":"https:\/\/must-have.si\/hr\/wp-json\/wp\/v2\/users\/5"}],"replies":[{"embeddable":true,"href":"https:\/\/must-have.si\/hr\/wp-json\/wp\/v2\/comments?post=7330"}],"version-history":[{"count":0,"href":"https:\/\/must-have.si\/hr\/wp-json\/wp\/v2\/pages\/7330\/revisions"}],"wp:attachment":[{"href":"https:\/\/must-have.si\/hr\/wp-json\/wp\/v2\/media?parent=7330"}],"curies":[{"name":"wp","href":"https:\/\/api.w.org\/{rel}","templated":true}]}}