{"id":798,"date":"2023-09-08T12:58:25","date_gmt":"2023-09-08T10:58:25","guid":{"rendered":"https:\/\/must-have.si\/?post_type=product&#038;p=798"},"modified":"2025-09-04T12:43:47","modified_gmt":"2025-09-04T10:43:47","slug":"osnovna-haljina-georgina-crna","status":"publish","type":"product","link":"http:\/\/must-have.si\/hr\/proizvod\/osnovna-haljina-georgina-crna\/","title":{"rendered":"Basic obleka Georgina \/\/ \u010drna (XS)"},"content":{"rendered":"<p>S = pogodno za XS ili 34<\/p>\n<p>M = pogodno za S ili 36<\/p>\n<p>L = pogodno za M ili 38<\/p>\n<p>XL = pogodno za L ili 40<\/p>","protected":false},"excerpt":{"rendered":"<p>Udobna, pripijena, elasti\u010dna haljina od rebraste tkanine.<\/p>\n<p>Materijal: pamuk 90%, elastin 10%.<\/p>\n<p>Odaberite ve\u0107u veli\u010dinu - haljina je uskog kroja.<\/p>\n<p>*Haljina Georgina vrlo je sli\u010dna modelu Lara, samo ne\u0161to kra\u0107a i s otvorenijim dekolteom.<\/p>\n<p><strong>Porijeklo: Turska.<\/strong><\/p>","protected":false},"featured_media":807,"template":"","meta":[],"product_brand":[],"product_cat":[30,90],"product_tag":[],"class_list":{"0":"post-798","1":"product","2":"type-product","3":"status-publish","4":"has-post-thumbnail","6":"product_cat-obleke-tunike","7":"product_cat-obleke-z-dolgimi-in-3-4-rokavi","8":"pa_barva-crna","9":"pa_velikost2-s-4-8-dni","10":"pa_velikost2-s-1-2-dni","11":"pa_velikost2-m-1-2-dni","12":"pa_velikost2-m-4-8-dni","13":"pa_velikost2-l-1-2-dni","14":"pa_velikost2-l-4-8-dni","15":"pa_velikost2-xl-1-2-dni","16":"pa_velikost2-xl-4-8-dni","17":"pa_velikosti-filter-xs-34","18":"pa_velikosti-filter-s-36","19":"pa_velikosti-filter-m-38","21":"first","22":"instock","23":"featured","24":"taxable","25":"shipping-taxable","26":"purchasable","27":"product-type-variable"},"_links":{"self":[{"href":"http:\/\/must-have.si\/hr\/wp-json\/wp\/v2\/product\/798","targetHints":{"allow":["GET"]}}],"collection":[{"href":"http:\/\/must-have.si\/hr\/wp-json\/wp\/v2\/product"}],"about":[{"href":"http:\/\/must-have.si\/hr\/wp-json\/wp\/v2\/types\/product"}],"wp:featuredmedia":[{"embeddable":true,"href":"http:\/\/must-have.si\/hr\/wp-json\/wp\/v2\/media\/807"}],"wp:attachment":[{"href":"http:\/\/must-have.si\/hr\/wp-json\/wp\/v2\/media?parent=798"}],"wp:term":[{"taxonomy":"product_brand","embeddable":true,"href":"http:\/\/must-have.si\/hr\/wp-json\/wp\/v2\/product_brand?post=798"},{"taxonomy":"product_cat","embeddable":true,"href":"http:\/\/must-have.si\/hr\/wp-json\/wp\/v2\/product_cat?post=798"},{"taxonomy":"product_tag","embeddable":true,"href":"http:\/\/must-have.si\/hr\/wp-json\/wp\/v2\/product_tag?post=798"}],"curies":[{"name":"wp","href":"https:\/\/api.w.org\/{rel}","templated":true}]}}