{"id":7551,"date":"2024-12-15T19:51:10","date_gmt":"2024-12-15T18:51:10","guid":{"rendered":"https:\/\/must-have.si\/?post_type=product&#038;p=7551"},"modified":"2024-12-17T19:36:17","modified_gmt":"2024-12-17T18:36:17","slug":"darilni-bon","status":"publish","type":"product","link":"http:\/\/must-have.si\/hr\/proizvod\/darilni-bon\/","title":{"rendered":"Poklon bon"},"content":{"rendered":"<p><strong>I\u0161\u010dete popolno darilo za svoje najdra\u017eje?<\/strong><\/p>\n<p>Z na\u0161im darilnim bonom omogo\u010dite va\u0161i ljubljeni osebi nakup modnih in elegantnih \u017eenskih obla\u010dil, ki ustrezajo vsakemu okusu in prilo\u017enosti. Ne glede na to, ali i\u0161\u010dete vsakodnevno udobje ali posebno obla\u010dilo za poseben dogodek, pri nas boste na\u0161li nekaj za vsak stil.<\/p>\n<p>Darilni bon je odli\u010dna izbira za darilo ob rojstnih dnevih, obletnicah ali kot presene\u010denje. Enostavno in hitro darilo, ki bo vedno v modi!<\/p>\n<p><strong>Lastnosti bona:<\/strong><\/p>\n<ul>\n<li><strong>Uporaba<\/strong>: Darilni bon lahko unov\u010dite za vse izdelke v na\u0161i trgovini.<\/li>\n<li><strong>Veljavnost<\/strong>: Bon nikoli ne pote\u010de!<\/li>\n<li><strong>Pogoji uporabe<\/strong>: Bon lahko uporabljate, dokler ne izpraznite njegove vrednosti (bodisi z enim nakupom ali ve\u010dnimi manj\u0161i nakupi).<\/li>\n<li><strong>Mo\u017enost prenosa<\/strong>: Darilni bon lahko enostavno po\u0161ljete neposredno na e-mail osebe, ki ji \u017eelite podariti darilo. Idealno za presene\u010denje ali darilo na daljavo!<\/li>\n<\/ul>\n<p>Izberite darilni bon <strong>Must Have<\/strong> in omogo\u010dite obdarjenki, da si izbere kos, v katerem bo zares zasijala!<\/p>","protected":false},"excerpt":{"rendered":"<p>I\u0161\u010dete popolno darilo za svoje najdra\u017eje? Z na\u0161im darilnim bonom omogo\u010dite va\u0161i ljubljeni osebi nakup modnih in elegantnih \u017eenskih obla\u010dil, ki ustrezajo vsakemu okusu in prilo\u017enosti. Ne glede na to, ali i\u0161\u010dete vsakodnevno udobje ali posebno obla\u010dilo za poseben dogodek, pri nas boste na\u0161li nekaj za vsak stil. Darilni bon je odli\u010dna izbira za darilo [&#8230;]","protected":false},"featured_media":7562,"template":"","meta":[],"product_brand":[],"product_cat":[284],"product_tag":[],"class_list":{"0":"post-7551","1":"product","2":"type-product","3":"status-publish","4":"has-post-thumbnail","6":"product_cat-wps_wgm_giftcard","8":"first","9":"instock","10":"taxable","11":"shipping-taxable","12":"purchasable","13":"product-type-simple"},"_links":{"self":[{"href":"http:\/\/must-have.si\/hr\/wp-json\/wp\/v2\/product\/7551","targetHints":{"allow":["GET"]}}],"collection":[{"href":"http:\/\/must-have.si\/hr\/wp-json\/wp\/v2\/product"}],"about":[{"href":"http:\/\/must-have.si\/hr\/wp-json\/wp\/v2\/types\/product"}],"wp:featuredmedia":[{"embeddable":true,"href":"http:\/\/must-have.si\/hr\/wp-json\/wp\/v2\/media\/7562"}],"wp:attachment":[{"href":"http:\/\/must-have.si\/hr\/wp-json\/wp\/v2\/media?parent=7551"}],"wp:term":[{"taxonomy":"product_brand","embeddable":true,"href":"http:\/\/must-have.si\/hr\/wp-json\/wp\/v2\/product_brand?post=7551"},{"taxonomy":"product_cat","embeddable":true,"href":"http:\/\/must-have.si\/hr\/wp-json\/wp\/v2\/product_cat?post=7551"},{"taxonomy":"product_tag","embeddable":true,"href":"http:\/\/must-have.si\/hr\/wp-json\/wp\/v2\/product_tag?post=7551"}],"curies":[{"name":"wp","href":"https:\/\/api.w.org\/{rel}","templated":true}]}}