{"id":7072,"date":"2024-10-07T10:52:26","date_gmt":"2024-10-07T08:52:26","guid":{"rendered":"https:\/\/must-have.si\/?post_type=product&#038;p=7072"},"modified":"2026-03-03T00:32:57","modified_gmt":"2026-03-02T23:32:57","slug":"haljina-ingrid-malina","status":"publish","type":"product","link":"http:\/\/must-have.si\/hr\/proizvod\/haljina-ingrid-malina\/","title":{"rendered":"Haljina Ingrid \/\/ malina"},"content":{"rendered":"<p style=\"font-weight: 400;\"><b><strong>44<\/strong><\/b><\/p>\n<p style=\"font-weight: 400;\">\u0160irina pazuha: 54 cm<\/p>\n<p style=\"font-weight: 400;\">\u0160irina struka: 46 cm<\/p>\n<p style=\"font-weight: 400;\">Ukupna du\u017eina: 109 cm<\/p>","protected":false},"excerpt":{"rendered":"<p style=\"font-weight: 400;\">Neobi\u010dna haljina s kaplji\u010dastim izrezom i volanima u struku. Vrlo lijep i elegantan model izra\u0111en od najboljih materijala. Haljina ima rukave do lakata, a ukupna du\u017eina se\u017ee do koljena. Odli\u010dan izbor za vjen\u010danja i razne va\u017ene proslave.<\/p>\n<p style=\"font-weight: 400;\">Materijal: 60% poliester, 35% viskoza, 5% elastan.<\/p>\n<p>Zadnji komad! Veli\u010dina 44 odgovara 42 oz. XL.<\/p>\n<p style=\"font-weight: 400;\">\u0160ivano u Poljskoj.<\/p>","protected":false},"featured_media":7075,"template":"","meta":[],"product_brand":[],"product_cat":[31],"product_tag":[],"class_list":{"0":"post-7072","1":"product","2":"type-product","3":"status-publish","4":"has-post-thumbnail","6":"product_cat-plus-size","7":"pa_barva-pink","8":"pa_velikost-200","9":"pa_velikost-59","10":"pa_velikosti-filter-xl-42","12":"first","13":"instock","14":"sale","15":"taxable","16":"shipping-taxable","17":"purchasable","18":"product-type-variable"},"_links":{"self":[{"href":"http:\/\/must-have.si\/hr\/wp-json\/wp\/v2\/product\/7072","targetHints":{"allow":["GET"]}}],"collection":[{"href":"http:\/\/must-have.si\/hr\/wp-json\/wp\/v2\/product"}],"about":[{"href":"http:\/\/must-have.si\/hr\/wp-json\/wp\/v2\/types\/product"}],"wp:featuredmedia":[{"embeddable":true,"href":"http:\/\/must-have.si\/hr\/wp-json\/wp\/v2\/media\/7075"}],"wp:attachment":[{"href":"http:\/\/must-have.si\/hr\/wp-json\/wp\/v2\/media?parent=7072"}],"wp:term":[{"taxonomy":"product_brand","embeddable":true,"href":"http:\/\/must-have.si\/hr\/wp-json\/wp\/v2\/product_brand?post=7072"},{"taxonomy":"product_cat","embeddable":true,"href":"http:\/\/must-have.si\/hr\/wp-json\/wp\/v2\/product_cat?post=7072"},{"taxonomy":"product_tag","embeddable":true,"href":"http:\/\/must-have.si\/hr\/wp-json\/wp\/v2\/product_tag?post=7072"}],"curies":[{"name":"wp","href":"https:\/\/api.w.org\/{rel}","templated":true}]}}