{"id":607,"date":"2023-09-08T05:24:56","date_gmt":"2023-09-08T03:24:56","guid":{"rendered":"https:\/\/must-have.si\/?post_type=product&#038;p=607"},"modified":"2025-09-04T11:30:33","modified_gmt":"2025-09-04T09:30:33","slug":"olivia-haljina-maslinasta","status":"publish","type":"product","link":"http:\/\/must-have.si\/hr\/proizvod\/olivia-haljina-maslinasta\/","title":{"rendered":"Haljina Olivia \/\/ maslina"},"content":{"rendered":"","protected":false},"excerpt":{"rendered":"<p>Elegantna haljina, sa d\u017eepovima sa strane i ma\u0161nom. Izra\u0111ena je od visokokvalitetnog mekanog i ugodnog materijala.<\/p>\n<p><strong>Podrijetlo proizvoda: EU.<\/strong><\/p>\n<p>Materijal: pamuk 70%, poliester 22% i elastin 8%.<\/p>","protected":false},"featured_media":8956,"template":"","meta":[],"product_brand":[],"product_cat":[30,90,36],"product_tag":[],"class_list":{"0":"post-607","1":"product","2":"type-product","3":"status-publish","4":"has-post-thumbnail","6":"product_cat-obleke-tunike","7":"product_cat-obleke-z-dolgimi-in-3-4-rokavi","8":"product_cat-zadnji-kosi-v-akciji","9":"pa_barva-zelena","10":"pa_velikost-s-m","11":"pa_velikosti-filter-s-36","12":"pa_velikosti-filter-m-38","14":"first","15":"instock","16":"sale","17":"taxable","18":"shipping-taxable","19":"purchasable","20":"product-type-variable"},"_links":{"self":[{"href":"http:\/\/must-have.si\/hr\/wp-json\/wp\/v2\/product\/607","targetHints":{"allow":["GET"]}}],"collection":[{"href":"http:\/\/must-have.si\/hr\/wp-json\/wp\/v2\/product"}],"about":[{"href":"http:\/\/must-have.si\/hr\/wp-json\/wp\/v2\/types\/product"}],"wp:featuredmedia":[{"embeddable":true,"href":"http:\/\/must-have.si\/hr\/wp-json\/wp\/v2\/media\/8956"}],"wp:attachment":[{"href":"http:\/\/must-have.si\/hr\/wp-json\/wp\/v2\/media?parent=607"}],"wp:term":[{"taxonomy":"product_brand","embeddable":true,"href":"http:\/\/must-have.si\/hr\/wp-json\/wp\/v2\/product_brand?post=607"},{"taxonomy":"product_cat","embeddable":true,"href":"http:\/\/must-have.si\/hr\/wp-json\/wp\/v2\/product_cat?post=607"},{"taxonomy":"product_tag","embeddable":true,"href":"http:\/\/must-have.si\/hr\/wp-json\/wp\/v2\/product_tag?post=607"}],"curies":[{"name":"wp","href":"https:\/\/api.w.org\/{rel}","templated":true}]}}