{"id":3823,"date":"2023-11-13T17:27:39","date_gmt":"2023-11-13T16:27:39","guid":{"rendered":"https:\/\/must-have.si\/?post_type=product&#038;p=3823"},"modified":"2026-04-16T06:02:35","modified_gmt":"2026-04-16T04:02:35","slug":"osnovna-pulover-haljina-lara-bez","status":"publish","type":"product","link":"http:\/\/must-have.si\/hr\/proizvod\/osnovna-pulover-haljina-lara-bez\/","title":{"rendered":"Basic puli obleka Lara \/\/ \u010drna"},"content":{"rendered":"<p>Model na fotografiji nosi veli\u010dinu S\/M.<\/p>\n<p>Mjere haljine u S\/M: \u0161irina izme\u0111u pazuha 35 cm, du\u017eina rukava 60 cm, du\u017eina haljine 104 cm.<\/p>","protected":false},"excerpt":{"rendered":"<p>Udobna, pripijena, elasti\u010dna haljina od rebraste tkanine.<\/p>\n<p>Materijal: pamuk 90%, elastin 10%.<\/p>\n<p>Veli\u010dina haljine S\/M odgovara XS i S,<\/p>\n<p>L\/XL je pogodan za M i L.<\/p>\n<p><strong>Porijeklo: Turska.<\/strong><\/p>","protected":false},"featured_media":9596,"template":"","meta":[],"product_brand":[],"product_cat":[40,272,310,30,90],"product_tag":[],"class_list":{"0":"post-3823","1":"product","2":"type-product","3":"status-publish","4":"has-post-thumbnail","6":"product_cat-basic-obleke-lara","7":"product_cat-basic-puli-obleka-lara","8":"product_cat-jesen-zima","9":"product_cat-obleke-tunike","10":"product_cat-obleke-z-dolgimi-in-3-4-rokavi","11":"pa_barva-crna","12":"pa_velikost2-s-m-1-2-dni","13":"pa_velikost2-s-m-4-7-dni","14":"pa_velikost2-l-xl-1-2-dni","15":"pa_velikost2-l-xl-4-7-dni","16":"pa_velikosti-filter-xs-34","17":"pa_velikosti-filter-s-36","18":"pa_velikosti-filter-m-38","19":"pa_velikosti-filter-l-40","21":"first","22":"instock","23":"sale","24":"featured","25":"taxable","26":"shipping-taxable","27":"purchasable","28":"product-type-variable"},"_links":{"self":[{"href":"http:\/\/must-have.si\/hr\/wp-json\/wp\/v2\/product\/3823","targetHints":{"allow":["GET"]}}],"collection":[{"href":"http:\/\/must-have.si\/hr\/wp-json\/wp\/v2\/product"}],"about":[{"href":"http:\/\/must-have.si\/hr\/wp-json\/wp\/v2\/types\/product"}],"wp:featuredmedia":[{"embeddable":true,"href":"http:\/\/must-have.si\/hr\/wp-json\/wp\/v2\/media\/9596"}],"wp:attachment":[{"href":"http:\/\/must-have.si\/hr\/wp-json\/wp\/v2\/media?parent=3823"}],"wp:term":[{"taxonomy":"product_brand","embeddable":true,"href":"http:\/\/must-have.si\/hr\/wp-json\/wp\/v2\/product_brand?post=3823"},{"taxonomy":"product_cat","embeddable":true,"href":"http:\/\/must-have.si\/hr\/wp-json\/wp\/v2\/product_cat?post=3823"},{"taxonomy":"product_tag","embeddable":true,"href":"http:\/\/must-have.si\/hr\/wp-json\/wp\/v2\/product_tag?post=3823"}],"curies":[{"name":"wp","href":"https:\/\/api.w.org\/{rel}","templated":true}]}}