{"id":363,"date":"2023-07-17T20:22:10","date_gmt":"2023-07-17T18:22:10","guid":{"rendered":"https:\/\/must-have.si\/?post_type=product&#038;p=363"},"modified":"2026-03-03T00:33:12","modified_gmt":"2026-03-02T23:33:12","slug":"osnovna-haljina-lara-crvena","status":"publish","type":"product","link":"http:\/\/must-have.si\/hr\/proizvod\/osnovna-haljina-lara-crvena\/","title":{"rendered":"Basic obleka Lara \/\/ Rde\u010da (M, L)"},"content":{"rendered":"<p>DETALJNIJI OPIS<\/p>\n<p>Model nosi veli\u010dinu S.<\/p>\n<p><b><strong>Mjere haljine u S<\/strong><\/b><\/p>\n<p>\u0161irina grudi 30 cm, bokovi 30 cm, du\u017eina rukava 62 cm, du\u017eina haljine 101 cm.<\/p>\n<p>S = pogodno za XS ili 34<\/p>\n<p>M = pogodno za S ili 36<\/p>\n<p>L = pogodno za M ili 38<\/p>\n<p>XL = pogodno za L ili 40<\/p>","protected":false},"excerpt":{"rendered":"<p>Udobna, pripijena, elasti\u010dna haljina od rebraste tkanine.<\/p>\n<p>Materijal: pamuk 90%, elastin 10%.<\/p>\n<p>Odaberite ve\u0107u veli\u010dinu - haljina je uskog kroja.<\/p>\n<p><strong>Porijeklo: Turska.<\/strong><\/p>","protected":false},"featured_media":379,"template":"","meta":[],"product_brand":[],"product_cat":[271,40,310,30,90],"product_tag":[306],"class_list":{"0":"post-363","1":"product","2":"type-product","3":"status-publish","4":"has-post-thumbnail","6":"product_cat-basic-obleka-lara","7":"product_cat-basic-obleke-lara","8":"product_cat-jesen-zima","9":"product_cat-obleke-tunike","10":"product_cat-obleke-z-dolgimi-in-3-4-rokavi","11":"product_tag-vsepo15","12":"pa_barva-rdeca","13":"pa_velikost2-s-4-8-dni","14":"pa_velikost2-s-1-2-dni","15":"pa_velikost2-m-1-2-dni","16":"pa_velikost2-m-4-8-dni","17":"pa_velikost2-l-1-2-dni","18":"pa_velikost2-l-4-8-dni","19":"pa_velikost2-xl-1-2-dni","20":"pa_velikost2-xl-4-8-dni","21":"pa_velikosti-filter-xs-34","22":"pa_velikosti-filter-s-36","23":"pa_velikosti-filter-m-38","24":"pa_velikosti-filter-l-40","25":"pa_velikosti-filter-xl-42","27":"first","28":"instock","29":"sale","30":"featured","31":"taxable","32":"shipping-taxable","33":"purchasable","34":"product-type-variable"},"_links":{"self":[{"href":"http:\/\/must-have.si\/hr\/wp-json\/wp\/v2\/product\/363","targetHints":{"allow":["GET"]}}],"collection":[{"href":"http:\/\/must-have.si\/hr\/wp-json\/wp\/v2\/product"}],"about":[{"href":"http:\/\/must-have.si\/hr\/wp-json\/wp\/v2\/types\/product"}],"wp:featuredmedia":[{"embeddable":true,"href":"http:\/\/must-have.si\/hr\/wp-json\/wp\/v2\/media\/379"}],"wp:attachment":[{"href":"http:\/\/must-have.si\/hr\/wp-json\/wp\/v2\/media?parent=363"}],"wp:term":[{"taxonomy":"product_brand","embeddable":true,"href":"http:\/\/must-have.si\/hr\/wp-json\/wp\/v2\/product_brand?post=363"},{"taxonomy":"product_cat","embeddable":true,"href":"http:\/\/must-have.si\/hr\/wp-json\/wp\/v2\/product_cat?post=363"},{"taxonomy":"product_tag","embeddable":true,"href":"http:\/\/must-have.si\/hr\/wp-json\/wp\/v2\/product_tag?post=363"}],"curies":[{"name":"wp","href":"https:\/\/api.w.org\/{rel}","templated":true}]}}