{"id":2684,"date":"2023-10-23T13:05:34","date_gmt":"2023-10-23T11:05:34","guid":{"rendered":"https:\/\/must-have.si\/?post_type=product&#038;p=2684"},"modified":"2025-07-31T09:45:13","modified_gmt":"2025-07-31T07:45:13","slug":"latte-hlace-od-eko-koze","status":"publish","type":"product","link":"http:\/\/must-have.si\/hr\/proizvod\/latte-hlace-od-eko-koze\/","title":{"rendered":"Hla\u010de od eko ko\u017ee \/\/ latte"},"content":{"rendered":"<p style=\"font-weight: 400;\">Materijal: 95% poliester, 5 % elastin.<\/p>\n<p style=\"font-weight: 400;\"><b><strong>Veli\u010dine (tolerancija +\/- 2 cm)<\/strong><\/b><\/p>\n<p style=\"font-weight: 400;\"><b><strong>XS\/S<\/strong><\/b><\/p>\n<p style=\"font-weight: 400;\">Ukupna du\u017eina: 96 cm<\/p>\n<p style=\"font-weight: 400;\">\u0160irina u visini struka: 33-37 cm (x2)<\/p>\n<p style=\"font-weight: 400;\">\u0160irina kukova: 50 cm (x2)<\/p>\n<p style=\"font-weight: 400;\"><b><strong>M\/L<\/strong><\/b><\/p>\n<p style=\"font-weight: 400;\">Ukupna du\u017eina: 100 cm<\/p>\n<p style=\"font-weight: 400;\">\u0160irina u visini struka: 37-43 cm (x2)<\/p>\n<p style=\"font-weight: 400;\">\u0160irina kukova: 55 cm (x2)<\/p>","protected":false},"excerpt":{"rendered":"<p>Novi model hla\u010da od eko ko\u017ee, sa \u0161avom po sredini i patentnim zatvara\u010dem i d\u017eepovima.<\/p>\n<p><strong>Proizvod iz EU, Poljska.<\/strong><\/p>\n<p><strong>Odaberite svoju uobi\u010dajenu veli\u010dinu ili manju veli\u010dinu.<\/strong><\/p>\n<p>XS\/S = pogodno za S\/M ili do 38<\/p>\n<p>M\/L = pogodno za L\/XL ili do 40, manji 42.<\/p>\n<p>*POSLJEDNJI KOMADI!<\/p>","protected":false},"featured_media":2690,"template":"","meta":[],"product_brand":[],"product_cat":[259,111,32,92,286],"product_tag":[306],"class_list":{"0":"post-2684","1":"product","2":"type-product","3":"status-publish","4":"has-post-thumbnail","6":"product_cat-flawless-la-creme","7":"product_cat-hlace","8":"product_cat-hlace-krila","9":"product_cat-topseller","10":"product_cat-vse-po-15e","11":"product_tag-vsepo15","12":"pa_barva-bez","13":"pa_velikosti-filter-xs-34","14":"pa_velikosti-filter-s-36","15":"pa_velikosti-filter-m-38","16":"pa_velikosti-filter-l-40","18":"first","19":"outofstock","20":"sale","21":"featured","22":"taxable","23":"shipping-taxable","24":"purchasable","25":"product-type-variable"},"_links":{"self":[{"href":"http:\/\/must-have.si\/hr\/wp-json\/wp\/v2\/product\/2684","targetHints":{"allow":["GET"]}}],"collection":[{"href":"http:\/\/must-have.si\/hr\/wp-json\/wp\/v2\/product"}],"about":[{"href":"http:\/\/must-have.si\/hr\/wp-json\/wp\/v2\/types\/product"}],"wp:featuredmedia":[{"embeddable":true,"href":"http:\/\/must-have.si\/hr\/wp-json\/wp\/v2\/media\/2690"}],"wp:attachment":[{"href":"http:\/\/must-have.si\/hr\/wp-json\/wp\/v2\/media?parent=2684"}],"wp:term":[{"taxonomy":"product_brand","embeddable":true,"href":"http:\/\/must-have.si\/hr\/wp-json\/wp\/v2\/product_brand?post=2684"},{"taxonomy":"product_cat","embeddable":true,"href":"http:\/\/must-have.si\/hr\/wp-json\/wp\/v2\/product_cat?post=2684"},{"taxonomy":"product_tag","embeddable":true,"href":"http:\/\/must-have.si\/hr\/wp-json\/wp\/v2\/product_tag?post=2684"}],"curies":[{"name":"wp","href":"https:\/\/api.w.org\/{rel}","templated":true}]}}