{"id":2658,"date":"2023-10-23T09:11:01","date_gmt":"2023-10-23T07:11:01","guid":{"rendered":"https:\/\/must-have.si\/?post_type=product&#038;p=2658"},"modified":"2026-03-03T00:33:02","modified_gmt":"2026-03-02T23:33:02","slug":"osnovna-pulover-haljina-lara-kaki","status":"publish","type":"product","link":"http:\/\/must-have.si\/hr\/proizvod\/osnovna-pulover-haljina-lara-kaki\/","title":{"rendered":"Basic puli haljina Lara \/\/ bronze"},"content":{"rendered":"<p>Model na fotografiji nosi veli\u010dinu S\/M.<\/p>\n<p>Mjere haljine u S\/M: \u0161irina izme\u0111u pazuha 35 cm, du\u017eina rukava 60 cm, du\u017eina haljine 104 cm.<\/p>","protected":false},"excerpt":{"rendered":"<p>Udobna, pripijena, elasti\u010dna haljina od rebraste tkanine.<\/p>\n<p>Materijal: pamuk 90%, elastin 10%.<\/p>\n<p>Veli\u010dina haljine S\/M odgovara XS i S,<\/p>\n<p>L\/XL je pogodan za M i L.<\/p>\n<p><strong>Porijeklo: Turska.<\/strong><\/p>","protected":false},"featured_media":6526,"template":"","meta":[],"product_brand":[],"product_cat":[40,272,310,30,90],"product_tag":[306],"class_list":{"0":"post-2658","1":"product","2":"type-product","3":"status-publish","4":"has-post-thumbnail","6":"product_cat-basic-obleke-lara","7":"product_cat-basic-puli-obleka-lara","8":"product_cat-jesen-zima","9":"product_cat-obleke-tunike","10":"product_cat-obleke-z-dolgimi-in-3-4-rokavi","11":"product_tag-vsepo15","12":"pa_barva-rjava","13":"pa_velikost2-s-m-1-2-dni","14":"pa_velikost2-s-m-4-7-dni","15":"pa_velikost2-l-xl-1-2-dni","16":"pa_velikost2-l-xl-4-7-dni","17":"pa_velikosti-filter-xs-34","18":"pa_velikosti-filter-s-36","19":"pa_velikosti-filter-m-38","20":"pa_velikosti-filter-l-40","22":"first","23":"instock","24":"sale","25":"featured","26":"taxable","27":"shipping-taxable","28":"purchasable","29":"product-type-variable"},"_links":{"self":[{"href":"http:\/\/must-have.si\/hr\/wp-json\/wp\/v2\/product\/2658","targetHints":{"allow":["GET"]}}],"collection":[{"href":"http:\/\/must-have.si\/hr\/wp-json\/wp\/v2\/product"}],"about":[{"href":"http:\/\/must-have.si\/hr\/wp-json\/wp\/v2\/types\/product"}],"wp:featuredmedia":[{"embeddable":true,"href":"http:\/\/must-have.si\/hr\/wp-json\/wp\/v2\/media\/6526"}],"wp:attachment":[{"href":"http:\/\/must-have.si\/hr\/wp-json\/wp\/v2\/media?parent=2658"}],"wp:term":[{"taxonomy":"product_brand","embeddable":true,"href":"http:\/\/must-have.si\/hr\/wp-json\/wp\/v2\/product_brand?post=2658"},{"taxonomy":"product_cat","embeddable":true,"href":"http:\/\/must-have.si\/hr\/wp-json\/wp\/v2\/product_cat?post=2658"},{"taxonomy":"product_tag","embeddable":true,"href":"http:\/\/must-have.si\/hr\/wp-json\/wp\/v2\/product_tag?post=2658"}],"curies":[{"name":"wp","href":"https:\/\/api.w.org\/{rel}","templated":true}]}}