{"id":2513,"date":"2023-10-05T04:56:10","date_gmt":"2023-10-05T02:56:10","guid":{"rendered":"https:\/\/must-have.si\/?post_type=product&#038;p=2513"},"modified":"2023-10-18T09:29:49","modified_gmt":"2023-10-18T07:29:49","slug":"espadrile-pineapple","status":"publish","type":"product","link":"http:\/\/must-have.si\/hr\/proizvod\/espadrile-pineapple\/","title":{"rendered":"Espadrile Pineaple"},"content":{"rendered":"","protected":false},"excerpt":{"rendered":"<p>Udobne espadrile v ne\u017eno roza barvi z zlatim vzorcem.<\/p>\n<p><strong>Velikosti so malo manj\u0161e, predlagamo eno \u0161tevilko ve\u010djo izbiro.<\/strong><\/p>\n<p>37 &#8211; notranja dol\u017eina: 23,5 cm<\/p>\n<p>38 &#8211; notranja dol\u017eina: 24 cm<\/p>\n<p>39 &#8211; notranja dol\u017eina: 25 cm<\/p>\n<p>40 &#8211; notranja dol\u017eina: 25,5 cm<\/p>","protected":false},"featured_media":2487,"template":"","meta":[],"product_brand":[],"product_cat":[37,36],"product_tag":[],"class_list":{"0":"post-2513","1":"product","2":"type-product","3":"status-publish","4":"has-post-thumbnail","6":"product_cat-obutev-dodatki","7":"product_cat-zadnji-kosi-v-akciji","8":"pa_velikost-206","9":"pa_velikost-207","10":"pa_velikost-57","12":"first","13":"instock","14":"sale","15":"taxable","16":"shipping-taxable","17":"purchasable","18":"product-type-variable"},"_links":{"self":[{"href":"http:\/\/must-have.si\/hr\/wp-json\/wp\/v2\/product\/2513","targetHints":{"allow":["GET"]}}],"collection":[{"href":"http:\/\/must-have.si\/hr\/wp-json\/wp\/v2\/product"}],"about":[{"href":"http:\/\/must-have.si\/hr\/wp-json\/wp\/v2\/types\/product"}],"wp:featuredmedia":[{"embeddable":true,"href":"http:\/\/must-have.si\/hr\/wp-json\/wp\/v2\/media\/2487"}],"wp:attachment":[{"href":"http:\/\/must-have.si\/hr\/wp-json\/wp\/v2\/media?parent=2513"}],"wp:term":[{"taxonomy":"product_brand","embeddable":true,"href":"http:\/\/must-have.si\/hr\/wp-json\/wp\/v2\/product_brand?post=2513"},{"taxonomy":"product_cat","embeddable":true,"href":"http:\/\/must-have.si\/hr\/wp-json\/wp\/v2\/product_cat?post=2513"},{"taxonomy":"product_tag","embeddable":true,"href":"http:\/\/must-have.si\/hr\/wp-json\/wp\/v2\/product_tag?post=2513"}],"curies":[{"name":"wp","href":"https:\/\/api.w.org\/{rel}","templated":true}]}}