{"id":2466,"date":"2023-10-05T04:17:51","date_gmt":"2023-10-05T02:17:51","guid":{"rendered":"https:\/\/must-have.si\/?post_type=product&#038;p=2466"},"modified":"2026-03-03T00:33:03","modified_gmt":"2026-03-02T23:33:03","slug":"obleka-asia-modra-38","status":"publish","type":"product","link":"http:\/\/must-have.si\/hr\/proizvod\/obleka-asia-modra-38\/","title":{"rendered":"Haljina Asja \/\/ plava (38)"},"content":{"rendered":"<p style=\"font-weight: 400;\"><b><strong>38\/40<\/strong><\/b><\/p>\n<p style=\"font-weight: 400;\">\u0160irina v vi\u0161ini pazduh: 49 cm<\/p>\n<p style=\"font-weight: 400;\">Celotna dol\u017eina: 108 cm<\/p>\n<p style=\"font-weight: 400;\"><b><strong>42\/44<\/strong><\/b><\/p>\n<p style=\"font-weight: 400;\">\u0160irina pazuha: 56 cm<\/p>\n<p style=\"font-weight: 400;\">Celotna dol\u017eina: 119 cm<\/p>\n<p style=\"font-weight: 400;\"><b><strong>46\/48<\/strong><\/b><\/p>\n<p style=\"font-weight: 400;\">\u0160irina v vi\u0161ini pazduh: 61 cm<\/p>\n<p style=\"font-weight: 400;\">Celotna dol\u017eina: 121 cm<\/p>\n<p style=\"font-weight: 400;\"><b><strong>50\/52<\/strong><\/b><\/p>\n<p style=\"font-weight: 400;\">\u0160irina pazuha: 66 cm<\/p>\n<p style=\"font-weight: 400;\">Celotna dol\u017eina: 123 cm<\/p>","protected":false},"excerpt":{"rendered":"<p style=\"font-weight: 400;\">S to obleko bo vsaka prilo\u017enost edinstvena! Obleka ASIA je top prodajna uspe\u0161nica. Zasnovana je bila posebej za plus size \u017eenske z oblinami.<\/p>\n<p style=\"font-weight: 400;\">Obleka ima razko\u0161en, zra\u010den spodnji del in oprijet zgornji del. Piko na i doda usnjeni trak za zavezovanje v pasu. Obleka ima gladko podlogo, ki je zelo prijetna za ko\u017eo, zgornji sloj pa je iz prozornega tila.<\/p>\n<p style=\"font-weight: 400;\">Materijal: 95% poliester, 5% elastan.<\/p>\n<p style=\"font-weight: 400;\">\u0160ivano u Poljskoj.<\/p>\n<p>Velikosti so malo manj\u0161e, 38\/40 je primernej\u0161a za 38.<\/p>","protected":false},"featured_media":2457,"template":"","meta":[],"product_brand":[],"product_cat":[30,89,36],"product_tag":[],"class_list":{"0":"post-2466","1":"product","2":"type-product","3":"status-publish","4":"has-post-thumbnail","6":"product_cat-obleke-tunike","7":"product_cat-obleke-s-kratkimi-rokavi-in-brez","8":"product_cat-zadnji-kosi-v-akciji","9":"pa_barva-modra","10":"pa_velikost-38-40","11":"pa_velikosti-filter-m-38","13":"first","14":"instock","15":"sale","16":"taxable","17":"shipping-taxable","18":"purchasable","19":"product-type-variable"},"_links":{"self":[{"href":"http:\/\/must-have.si\/hr\/wp-json\/wp\/v2\/product\/2466","targetHints":{"allow":["GET"]}}],"collection":[{"href":"http:\/\/must-have.si\/hr\/wp-json\/wp\/v2\/product"}],"about":[{"href":"http:\/\/must-have.si\/hr\/wp-json\/wp\/v2\/types\/product"}],"wp:featuredmedia":[{"embeddable":true,"href":"http:\/\/must-have.si\/hr\/wp-json\/wp\/v2\/media\/2457"}],"wp:attachment":[{"href":"http:\/\/must-have.si\/hr\/wp-json\/wp\/v2\/media?parent=2466"}],"wp:term":[{"taxonomy":"product_brand","embeddable":true,"href":"http:\/\/must-have.si\/hr\/wp-json\/wp\/v2\/product_brand?post=2466"},{"taxonomy":"product_cat","embeddable":true,"href":"http:\/\/must-have.si\/hr\/wp-json\/wp\/v2\/product_cat?post=2466"},{"taxonomy":"product_tag","embeddable":true,"href":"http:\/\/must-have.si\/hr\/wp-json\/wp\/v2\/product_tag?post=2466"}],"curies":[{"name":"wp","href":"https:\/\/api.w.org\/{rel}","templated":true}]}}