{"id":2430,"date":"2023-10-05T04:01:33","date_gmt":"2023-10-05T02:01:33","guid":{"rendered":"https:\/\/must-have.si\/?post_type=product&#038;p=2430"},"modified":"2026-03-03T00:33:03","modified_gmt":"2026-03-02T23:33:03","slug":"haljina-jantar-roza-46-48","status":"publish","type":"product","link":"http:\/\/must-have.si\/hr\/proizvod\/haljina-jantar-roza-46-48\/","title":{"rendered":"Haljina Amber\/\/ ru\u017ei\u010dasta (46\/48)"},"content":{"rendered":"<p style=\"font-weight: 400;\"><b><strong>46\/48<\/strong><\/b><\/p>\n<p style=\"font-weight: 400;\">\u0160irina pazuha: 58 cm<\/p>\n<p style=\"font-weight: 400;\">Ukupna du\u017eina: 103 cm<\/p>\n<p style=\"font-weight: 400;\"><b><strong>50\/52<\/strong><\/b><\/p>\n<p style=\"font-weight: 400;\">\u0160irina pazuha: 62 cm<\/p>\n<p style=\"font-weight: 400;\">Ukupna du\u017eina: 106 cm<\/p>","protected":false},"excerpt":{"rendered":"<p style=\"font-weight: 400;\">Moderna haljina za plus size dame koju \u0107ete rado nositi mnogo puta. Pogodan je za posebne prilike, kao i za poslovne aktivnosti ili jednostavna dru\u0161tvena doga\u0111anja. Haljina savr\u0161eno nagla\u0161ava prednosti figure, ali u isto vrijeme skriva svoje nedostatke. Haljina je prozra\u010dna i nje\u017ena, vrlo udobna i mladena\u010dkog izgleda.<\/p>\n<p style=\"font-weight: 400;\"><b><strong>Zadnji komad!<\/strong><\/b><\/p>\n<p style=\"font-weight: 400;\">Materijal: 50% viskoza, 45% poliester, 5% elastan.<\/p>\n<p style=\"font-weight: 400;\">\u0160ivano u Poljskoj.<\/p>","protected":false},"featured_media":2435,"template":"","meta":[],"product_brand":[],"product_cat":[31],"product_tag":[],"class_list":{"0":"post-2430","1":"product","2":"type-product","3":"status-publish","4":"has-post-thumbnail","6":"product_cat-plus-size","7":"pa_barva-roza","8":"pa_velikost-46-48","9":"pa_velikosti-filter-2xl-44","10":"pa_velikosti-filter-3xl-46","12":"first","13":"instock","14":"sale","15":"taxable","16":"shipping-taxable","17":"purchasable","18":"product-type-variable"},"_links":{"self":[{"href":"http:\/\/must-have.si\/hr\/wp-json\/wp\/v2\/product\/2430","targetHints":{"allow":["GET"]}}],"collection":[{"href":"http:\/\/must-have.si\/hr\/wp-json\/wp\/v2\/product"}],"about":[{"href":"http:\/\/must-have.si\/hr\/wp-json\/wp\/v2\/types\/product"}],"wp:featuredmedia":[{"embeddable":true,"href":"http:\/\/must-have.si\/hr\/wp-json\/wp\/v2\/media\/2435"}],"wp:attachment":[{"href":"http:\/\/must-have.si\/hr\/wp-json\/wp\/v2\/media?parent=2430"}],"wp:term":[{"taxonomy":"product_brand","embeddable":true,"href":"http:\/\/must-have.si\/hr\/wp-json\/wp\/v2\/product_brand?post=2430"},{"taxonomy":"product_cat","embeddable":true,"href":"http:\/\/must-have.si\/hr\/wp-json\/wp\/v2\/product_cat?post=2430"},{"taxonomy":"product_tag","embeddable":true,"href":"http:\/\/must-have.si\/hr\/wp-json\/wp\/v2\/product_tag?post=2430"}],"curies":[{"name":"wp","href":"https:\/\/api.w.org\/{rel}","templated":true}]}}