{"id":2399,"date":"2023-10-05T03:42:03","date_gmt":"2023-10-05T01:42:03","guid":{"rendered":"https:\/\/must-have.si\/?post_type=product&#038;p=2399"},"modified":"2024-11-11T09:36:28","modified_gmt":"2024-11-11T08:36:28","slug":"haljina-nela-malina-56","status":"publish","type":"product","link":"http:\/\/must-have.si\/hr\/proizvod\/haljina-nela-malina-56\/","title":{"rendered":"Haljina Nela \/\/ malina (56)"},"content":{"rendered":"<p style=\"font-weight: 400;\"><b><strong>52<\/strong><\/b><\/p>\n<p style=\"font-weight: 400;\">\u0160irina pazuha: 64 cm<\/p>\n<p style=\"font-weight: 400;\">Ukupna du\u017eina: 109 cm<\/p>\n<p style=\"font-weight: 400;\"><b><strong>54<\/strong><\/b><\/p>\n<p style=\"font-weight: 400;\">\u0160irina pazuha: 66 cm<\/p>\n<p style=\"font-weight: 400;\">Ukupna du\u017eina: 110 cm<\/p>\n<p style=\"font-weight: 400;\"><b><strong>56<\/strong><\/b><\/p>\n<p style=\"font-weight: 400;\">\u0160irina u razini pazuha: 68 cm<\/p>\n<p style=\"font-weight: 400;\">Ukupna du\u017eina: 112 cm<\/p>","protected":false},"excerpt":{"rendered":"<p style=\"font-weight: 400;\">Elegantna haljina u kombinaciji \u010dipke i tila odli\u010dan je odabir za razne posebne prigode. Haljina savr\u0161eno prikriva nedostatke struka, a uz to je izuzetno udobna zbog svog elasti\u010dnog sastava. Haljina je izuzetno udobna zbog svog elasti\u010dnog sastava.<\/p>\n<p style=\"font-weight: 400;\"><b><strong>Zadnji komad!<\/strong><\/b><\/p>\n<p style=\"font-weight: 400;\">Materijal: 60% poliester, 35% viskoza, 5% elastan.<\/p>\n<p style=\"font-weight: 400;\">\u0160ivano u Poljskoj.<\/p>","protected":false},"featured_media":2401,"template":"","meta":[],"product_brand":[],"product_cat":[31],"product_tag":[],"class_list":{"0":"post-2399","1":"product","2":"type-product","3":"status-publish","4":"has-post-thumbnail","6":"product_cat-plus-size","7":"pa_barva-roza","8":"pa_velikost-203","10":"first","11":"instock","12":"sale","13":"taxable","14":"shipping-taxable","15":"purchasable","16":"product-type-variable"},"_links":{"self":[{"href":"http:\/\/must-have.si\/hr\/wp-json\/wp\/v2\/product\/2399","targetHints":{"allow":["GET"]}}],"collection":[{"href":"http:\/\/must-have.si\/hr\/wp-json\/wp\/v2\/product"}],"about":[{"href":"http:\/\/must-have.si\/hr\/wp-json\/wp\/v2\/types\/product"}],"wp:featuredmedia":[{"embeddable":true,"href":"http:\/\/must-have.si\/hr\/wp-json\/wp\/v2\/media\/2401"}],"wp:attachment":[{"href":"http:\/\/must-have.si\/hr\/wp-json\/wp\/v2\/media?parent=2399"}],"wp:term":[{"taxonomy":"product_brand","embeddable":true,"href":"http:\/\/must-have.si\/hr\/wp-json\/wp\/v2\/product_brand?post=2399"},{"taxonomy":"product_cat","embeddable":true,"href":"http:\/\/must-have.si\/hr\/wp-json\/wp\/v2\/product_cat?post=2399"},{"taxonomy":"product_tag","embeddable":true,"href":"http:\/\/must-have.si\/hr\/wp-json\/wp\/v2\/product_tag?post=2399"}],"curies":[{"name":"wp","href":"https:\/\/api.w.org\/{rel}","templated":true}]}}