{"id":2374,"date":"2023-10-05T03:30:19","date_gmt":"2023-10-05T01:30:19","guid":{"rendered":"https:\/\/must-have.si\/?post_type=product&#038;p=2374"},"modified":"2024-10-07T10:39:42","modified_gmt":"2024-10-07T08:39:42","slug":"obleka-petra-imitacija-usnja-crna-48-50","status":"publish","type":"product","link":"http:\/\/must-have.si\/hr\/proizvod\/obleka-petra-imitacija-usnja-crna-48-50\/","title":{"rendered":"Haljina Petra, imitacija ko\u017ee \/\/ crna (40, 48)"},"content":{"rendered":"<p style=\"margin-bottom: .0001pt;\"><strong>52<\/strong><\/p>\n<p style=\"font-weight: 400;\">Ukupna du\u017eina: 106 cm<\/p>\n<p style=\"font-weight: 400;\">\u0160irina rokava: 25 cm<\/p>\n<p style=\"font-weight: 400;\">\u0160irina v vi\u0161ini prsi: 61 cm<\/p>\n<p style=\"font-weight: 400;\">\u0160irina pasu: 53<\/p>\n<p style=\"font-weight: 400;\">\u0160irina bokov: 64<\/p>","protected":false},"excerpt":{"rendered":"<p style=\"font-weight: 400;\">Haljina od mekane eko ko\u017ee, klasi\u010dnog &quot;olovka&quot; kroja, zasigurno \u0107e vas \u0161armirati. Namijenjena je samouvjerenim, punim \u017eenama koje cijene moderan izgled. Kroj haljine nagla\u0161ava adute figure, a ukrasna kop\u010da u struku odvla\u010di pa\u017enju s prevelikog trbuha. Dekolte blago nagla\u0161ava poprsje, ali istovremeno su\u017eava vrat. Haljina PETRA savr\u0161en je odabir kako za posebne doga\u0111aje, tako i za svakodnevne poslovne obveze. Nosite na\u0161u PETRA haljinu kad god \u017eelite ostaviti dojam.<\/p>\n<p style=\"font-weight: 400;\">Materijal: \u0161ifon \u2013 95% poliester, 5% elastan.<\/p>\n<p>Velikosti so manj\u0161e, 44 ustreza za 40, velikost 52 ustreza za do 48.<\/p>\n<p style=\"font-weight: 400;\">\u0160ivano u Poljskoj.<\/p>","protected":false},"featured_media":2371,"template":"","meta":[],"product_brand":[],"product_cat":[30,89,91,31],"product_tag":[],"class_list":{"0":"post-2374","1":"product","2":"type-product","3":"status-publish","4":"has-post-thumbnail","6":"product_cat-obleke-tunike","7":"product_cat-obleke-s-kratkimi-rokavi-in-brez","8":"product_cat-plus-size-obleke-tunike","9":"product_cat-plus-size","10":"pa_barva-crna","11":"pa_velikost-200","12":"pa_velikost-59","14":"first","15":"instock","16":"sale","17":"taxable","18":"shipping-taxable","19":"purchasable","20":"product-type-variable"},"_links":{"self":[{"href":"http:\/\/must-have.si\/hr\/wp-json\/wp\/v2\/product\/2374","targetHints":{"allow":["GET"]}}],"collection":[{"href":"http:\/\/must-have.si\/hr\/wp-json\/wp\/v2\/product"}],"about":[{"href":"http:\/\/must-have.si\/hr\/wp-json\/wp\/v2\/types\/product"}],"wp:featuredmedia":[{"embeddable":true,"href":"http:\/\/must-have.si\/hr\/wp-json\/wp\/v2\/media\/2371"}],"wp:attachment":[{"href":"http:\/\/must-have.si\/hr\/wp-json\/wp\/v2\/media?parent=2374"}],"wp:term":[{"taxonomy":"product_brand","embeddable":true,"href":"http:\/\/must-have.si\/hr\/wp-json\/wp\/v2\/product_brand?post=2374"},{"taxonomy":"product_cat","embeddable":true,"href":"http:\/\/must-have.si\/hr\/wp-json\/wp\/v2\/product_cat?post=2374"},{"taxonomy":"product_tag","embeddable":true,"href":"http:\/\/must-have.si\/hr\/wp-json\/wp\/v2\/product_tag?post=2374"}],"curies":[{"name":"wp","href":"https:\/\/api.w.org\/{rel}","templated":true}]}}