{"id":1467,"date":"2023-09-12T21:12:01","date_gmt":"2023-09-12T19:12:01","guid":{"rendered":"https:\/\/must-have.si\/?post_type=product&#038;p=1467"},"modified":"2025-09-04T11:53:40","modified_gmt":"2025-09-04T09:53:40","slug":"kratke-hlace-s-ruzicastim-remenom","status":"publish","type":"product","link":"http:\/\/must-have.si\/hr\/proizvod\/kratke-hlace-s-ruzicastim-remenom\/","title":{"rendered":"Kratke hla\u010de s remenom \/\/ roza"},"content":{"rendered":"","protected":false},"excerpt":{"rendered":"<p>Izuzetno udobne kratke hla\u010de s d\u017eepovima i pri\u010dvr\u0161\u0107enim remenom.<\/p>\n<p><strong>Proizvod iz EU, Poljska.<\/strong><\/p>\n<p>Materijal: pamuk 75%, poliester 20%, elastin 5%.<\/p>\n<p>Odaberite svoju uobi\u010dajenu veli\u010dinu.<\/p>","protected":false},"featured_media":1461,"template":"","meta":[],"product_brand":[],"product_cat":[259,111,32,36],"product_tag":[267],"class_list":{"0":"post-1467","1":"product","2":"type-product","3":"status-publish","4":"has-post-thumbnail","6":"product_cat-flawless-la-creme","7":"product_cat-hlace","8":"product_cat-hlace-krila","9":"product_cat-zadnji-kosi-v-akciji","10":"product_tag-kratkehlaceflawless","11":"pa_barva-roza","12":"pa_velikost-xs-s","13":"pa_velikost-m-l","14":"pa_velikosti-filter-xs-34","15":"pa_velikosti-filter-s-36","16":"pa_velikosti-filter-m-38","17":"pa_velikosti-filter-l-40","19":"first","20":"instock","21":"sale","22":"taxable","23":"shipping-taxable","24":"purchasable","25":"product-type-variable"},"_links":{"self":[{"href":"http:\/\/must-have.si\/hr\/wp-json\/wp\/v2\/product\/1467","targetHints":{"allow":["GET"]}}],"collection":[{"href":"http:\/\/must-have.si\/hr\/wp-json\/wp\/v2\/product"}],"about":[{"href":"http:\/\/must-have.si\/hr\/wp-json\/wp\/v2\/types\/product"}],"wp:featuredmedia":[{"embeddable":true,"href":"http:\/\/must-have.si\/hr\/wp-json\/wp\/v2\/media\/1461"}],"wp:attachment":[{"href":"http:\/\/must-have.si\/hr\/wp-json\/wp\/v2\/media?parent=1467"}],"wp:term":[{"taxonomy":"product_brand","embeddable":true,"href":"http:\/\/must-have.si\/hr\/wp-json\/wp\/v2\/product_brand?post=1467"},{"taxonomy":"product_cat","embeddable":true,"href":"http:\/\/must-have.si\/hr\/wp-json\/wp\/v2\/product_cat?post=1467"},{"taxonomy":"product_tag","embeddable":true,"href":"http:\/\/must-have.si\/hr\/wp-json\/wp\/v2\/product_tag?post=1467"}],"curies":[{"name":"wp","href":"https:\/\/api.w.org\/{rel}","templated":true}]}}